{"id":15,"date":"2015-02-16T15:47:42","date_gmt":"2015-02-16T14:47:42","guid":{"rendered":"http:\/\/technik-akademie-tuebingen.de\/?page_id=15"},"modified":"2015-02-20T18:57:48","modified_gmt":"2015-02-20T17:57:48","slug":"freizeit","status":"publish","type":"page","link":"http:\/\/technik-akademie-tuebingen.de\/2015\/freizeit\/","title":{"rendered":"Freizeit"},"content":{"rendered":"<p>Nat\u00fcrlich k\u00f6nnen wir nicht ausschlie\u00dflich &#8222;arbeiten&#8220;, daher gibt es fast jeden Tag auch einen Ausflug, ob in die Sternwarte oder in den neuen botanischen Garten, hier ist f\u00fcr jeden Geschmack etwas dabei.<\/p>\n<p><a href=\"http:\/\/technik-akademie-tuebingen.de\/freizeit\/bowling\/\" title=\"Bowling\">Bowling<\/a><br \/>\n<a href=\"http:\/\/technik-akademie-tuebingen.de\/freizeit\/neuer-botanischer-garten\/\" title=\"Neuer botanischer Garten\">Neuer botanischer Garten<\/a><br \/>\n<a href=\"http:\/\/technik-akademie-tuebingen.de\/freizeit\/stadtfuehrung\/\" title=\"Stadtf\u00fchrung\">Stadtf\u00fchrung<\/a><br \/>\n<a href=\"http:\/\/technik-akademie-tuebingen.de\/freizeit\/sternwarte\/\" title=\"Sternwarte\">Sternwarte<\/a><\/p>\n","protected":false},"excerpt":{"rendered":"<p>Nat\u00fcrlich k\u00f6nnen wir nicht ausschlie\u00dflich &#8222;arbeiten&#8220;, daher gibt es fast jeden Tag auch einen Ausflug, ob in die Sternwarte oder in den neuen botanischen Garten, hier ist f\u00fcr jeden Geschmack etwas dabei. Bowling Neuer botanischer Garten Stadtf\u00fchrung Sternwarte<\/p>\n","protected":false},"author":2,"featured_media":0,"parent":0,"menu_order":4,"comment_status":"open","ping_status":"closed","template":"","meta":{"_monsterinsights_skip_tracking":false,"_monsterinsights_sitenote_active":false,"_monsterinsights_sitenote_note":"","_monsterinsights_sitenote_category":0,"footnotes":""},"class_list":["post-15","page","type-page","status-publish","hentry"],"_links":{"self":[{"href":"http:\/\/technik-akademie-tuebingen.de\/2015\/wp-json\/wp\/v2\/pages\/15","targetHints":{"allow":["GET"]}}],"collection":[{"href":"http:\/\/technik-akademie-tuebingen.de\/2015\/wp-json\/wp\/v2\/pages"}],"about":[{"href":"http:\/\/technik-akademie-tuebingen.de\/2015\/wp-json\/wp\/v2\/types\/page"}],"author":[{"embeddable":true,"href":"http:\/\/technik-akademie-tuebingen.de\/2015\/wp-json\/wp\/v2\/users\/2"}],"replies":[{"embeddable":true,"href":"http:\/\/technik-akademie-tuebingen.de\/2015\/wp-json\/wp\/v2\/comments?post=15"}],"version-history":[{"count":7,"href":"http:\/\/technik-akademie-tuebingen.de\/2015\/wp-json\/wp\/v2\/pages\/15\/revisions"}],"predecessor-version":[{"id":848,"href":"http:\/\/technik-akademie-tuebingen.de\/2015\/wp-json\/wp\/v2\/pages\/15\/revisions\/848"}],"wp:attachment":[{"href":"http:\/\/technik-akademie-tuebingen.de\/2015\/wp-json\/wp\/v2\/media?parent=15"}],"curies":[{"name":"wp","href":"https:\/\/api.w.org\/{rel}","templated":true}]}}