{"id":422,"date":"2015-02-19T08:54:59","date_gmt":"2015-02-19T07:54:59","guid":{"rendered":"http:\/\/technik-akademie-tuebingen.de\/?page_id=422"},"modified":"2016-02-12T10:41:06","modified_gmt":"2016-02-12T09:41:06","slug":"cht-r-beitlich","status":"publish","type":"page","link":"http:\/\/technik-akademie-tuebingen.de\/2015\/teilnehmer\/cht-r-beitlich\/","title":{"rendered":"Team CHT R.  Beitlich"},"content":{"rendered":"<p>Bei <a title=\"CHT R. Beitlich GmbH\" href=\"http:\/\/technik-akademie-tuebingen.de\/unternehmen\/cht\/\">CHT R. Beitlich<\/a> waren vier Teilnehmer, die Taschen gebleicht, eingef\u00e4rbt und au\u00dferdem noch bedruckt hat. Dazu benutzten sie die unterschiedlichsten Chemikalien. Au\u00dferdem wurden ihnen die chemischen Hintergr\u00fcnde jedes Arbeitsschrittes ausf\u00fchrlich erkl\u00e4rt.<\/p>\n<p>Hier stellen wir euch die Teilnehmer vor, die bei dieser Firma waren:<\/p>\n\n\t\t<!-- MasterSlider -->\n\t\t<div id=\"P_MS69e1bc38622ee\" class=\"master-slider-parent msl ms-parent-id-3\" style=\"max-width:375px;\">\n\n\t\t\t\n\t\t\t<!-- MasterSlider Main -->\n\t\t\t<div id=\"MS69e1bc38622ee\" class=\"master-slider ms-skin-default\" >\n\t\t\t\t \t\t\t\t \n\t\t\t\t<div  class=\"ms-slide\" data-delay=\"3\" data-fill-mode=\"fill\"  >\n\t\t\t\t\t<img decoding=\"async\" src=\"http:\/\/technik-akademie-tuebingen.de\/2015\/wp-content\/plugins\/master-slider\/public\/assets\/css\/blank.gif\" alt=\"\" title=\"\" data-src=\"http:\/\/technik-akademie-tuebingen.de\/2015\/wp-content\/uploads\/2015\/02\/Annika-Baumann1.png\" \/>\n\n\t\t\t\t\t<div class=\"ms-info\">Annikas Lieblingsf\u00e4cher sind Englisch, Kunst, und Chemie zu finden, daher besucht sie auch die Chemie AG. In ihrer Freizeit liest sie gerne und hilft im Tierheim aus. Auch mit\u00a0 Musik, der japanischen Kultur und Sprache sowie mit Animes und Mangas besch\u00e4ftigt sie sich gerne.<\/div>\n\n\n\t<img decoding=\"async\" class=\"ms-thumb\" src=\"http:\/\/technik-akademie-tuebingen.de\/2015\/wp-content\/uploads\/2015\/02\/Annika-Baumann1-100x80.png\" alt=\"\" \/>\n\t<div class=\"ms-thumb\" ><div class=\"ms-tab-context\"><div class=&quot;ms-tab-context&quot;><\/div><\/div>\n<\/div>\n\t\t\t\t<\/div>\n\t\t\t\t<div  class=\"ms-slide\" data-delay=\"3\" data-fill-mode=\"fill\"  >\n\t\t\t\t\t<img decoding=\"async\" src=\"http:\/\/technik-akademie-tuebingen.de\/2015\/wp-content\/plugins\/master-slider\/public\/assets\/css\/blank.gif\" alt=\"\" title=\"\" data-src=\"http:\/\/technik-akademie-tuebingen.de\/2015\/wp-content\/uploads\/2015\/02\/Nicole-Heckelsm\u00fcller1.png\" \/>\n\n\t\t\t\t\t<div class=\"ms-info\">Nicole besch\u00e4ftigt sich in ihrer Freizeit neben dem Fu\u00dfball, den sie im FV Bad Waldsee betreibt, auch mit dem lesen und dem Gitarre spielen. Zu der Technik-Akademie ist Nicole gekommen, weil sie hofft, dass die Akademie ihr bei der Berufswahl weiterhelfen kann.<\/div>\n\n\n\t<img decoding=\"async\" class=\"ms-thumb\" src=\"http:\/\/technik-akademie-tuebingen.de\/2015\/wp-content\/uploads\/2015\/02\/Nicole-Heckelsm\u00fcller1-100x80.png\" alt=\"\" \/>\n\t<div class=\"ms-thumb\" ><div class=\"ms-tab-context\"><div class=&quot;ms-tab-context&quot;><\/div><\/div>\n<\/div>\n\t\t\t\t<\/div>\n\t\t\t\t<div  class=\"ms-slide\" data-delay=\"3\" data-fill-mode=\"fill\"  >\n\t\t\t\t\t<img decoding=\"async\" src=\"http:\/\/technik-akademie-tuebingen.de\/2015\/wp-content\/plugins\/master-slider\/public\/assets\/css\/blank.gif\" alt=\"\" title=\"\" data-src=\"http:\/\/technik-akademie-tuebingen.de\/2015\/wp-content\/uploads\/2015\/02\/Maximilian-Hingerl1.png\" \/>\n\n\t\t\t\t\t<div class=\"ms-info\">Der Interessenschwerpunkt von Max liegt auf den naturwissenschaftlichen F\u00e4chern (NWT; Chemie; ITG sowie Biologie) liegt, den er auch in der Forscher-AG ausleben kann. In seiner Freizeit spielt Max Klavier, f\u00e4hrt Ski oder liest. Sp\u00e4ter m\u00f6chte Max Arzt werden.<\/div>\n\n\n\t<img decoding=\"async\" class=\"ms-thumb\" src=\"http:\/\/technik-akademie-tuebingen.de\/2015\/wp-content\/uploads\/2015\/02\/Maximilian-Hingerl1-100x80.png\" alt=\"\" \/>\n\t<div class=\"ms-thumb\" ><div class=\"ms-tab-context\"><div class=&quot;ms-tab-context&quot;><\/div><\/div>\n<\/div>\n\t\t\t\t<\/div>\n\t\t\t\t<div  class=\"ms-slide\" data-delay=\"3\" data-fill-mode=\"fill\"  >\n\t\t\t\t\t<img decoding=\"async\" src=\"http:\/\/technik-akademie-tuebingen.de\/2015\/wp-content\/plugins\/master-slider\/public\/assets\/css\/blank.gif\" alt=\"\" title=\"\" data-src=\"http:\/\/technik-akademie-tuebingen.de\/2015\/wp-content\/uploads\/2015\/02\/Fabian-Kienle1.png\" \/>\n\n\t\t\t\t\t<div class=\"ms-info\">Die Lieblingsf\u00e4cher des 15-j\u00e4hrigen Fabians sind neben Mathe Physik und NWT auch Chemie und ITG, wobei er sich mit Letzterem auch in seiner Freizeit (Digital-AG) besch\u00e4ftigt. Au\u00dferdem liest und schwimmt er gerne. CHT hat er gew\u00e4hlt, weil es am besten zu seinen Interessen passt.<\/div>\n\n\n\t<img decoding=\"async\" class=\"ms-thumb\" src=\"http:\/\/technik-akademie-tuebingen.de\/2015\/wp-content\/uploads\/2015\/02\/Fabian-Kienle1-100x80.png\" alt=\"\" \/>\n\t<div class=\"ms-thumb\" ><div class=\"ms-tab-context\"><div class=&quot;ms-tab-context&quot;><\/div><\/div>\n<\/div>\n\t\t\t\t<\/div>\n\n\t\t\t<\/div>\n\t\t\t<!-- END MasterSlider Main -->\n\n\t\t\t \n\t\t<\/div>\n\t\t<!-- END MasterSlider -->\n\n\t\t<script>\n\t\t(function ( $ ) {\n\t\t\t\"use strict\";\n\n\t\t\t$(function () {\n\t\t\t\tvar masterslider_22ee = new MasterSlider();\n\n\t\t\t\t\/\/ slider controls\n\t\t\t\tmasterslider_22ee.control('arrows'     ,{ autohide:true, overVideo:true  });\t\t\t\tmasterslider_22ee.control('bullets'    ,{ autohide:true, overVideo:true, dir:'h', align:'bottom' , margin:10  });\n\n\t\t\t\tmasterslider_22ee.control('thumblist'  ,{ autohide:false, overVideo:true, dir:'h', speed:17, inset:false, arrows:false, hover:false, customClass:'', align:'bottom',type:'thumbs', margin:10, width:100, height:80, space:5, fillMode:'fill'  });\n\t\t\t\tmasterslider_22ee.control('scrollbar'  ,{ autohide:false, overVideo:true, dir:'h', inset:true, align:'top', color:'#3D3D3D' , margin:10  , width:4 });\n\t\t\t\tmasterslider_22ee.control('circletimer',{ autohide:false, overVideo:true, color:'#A2A2A2', radius:4, stroke:10   });\n\t\t\t\tmasterslider_22ee.control('timebar'    ,{ autohide:false, overVideo:true, align:'bottom', color:'#FFFFFF'  , width:4 });\n\t\t\t\tmasterslider_22ee.control('slideinfo'  ,{ autohide:false, overVideo:true, dir:'h', align:'bottom',inset:false , margin:10   });\n\t\t\t\t\/\/ slider setup\n\t\t\t\tmasterslider_22ee.setup(\"MS69e1bc38622ee\", {\n\t\t\t\t\t\twidth           : 375,\n\t\t\t\t\t\theight          : 500,\n\t\t\t\t\t\tminHeight       : 0,\n\t\t\t\t\t\tspace           : 0,\n\t\t\t\t\t\tstart           : 1,\n\t\t\t\t\t\tgrabCursor      : true,\n\t\t\t\t\t\tswipe           : true,\n\t\t\t\t\t\tmouse           : true,\n\t\t\t\t\t\tlayout          : \"boxed\",\n\t\t\t\t\t\twheel           : false,\n\t\t\t\t\t\tautoplay        : false,\n\t\t\t\t\t\tinstantStartLayers:false,\n\t\t\t\t\t\tloop            : false,\n\t\t\t\t\t\tshuffle         : false,\n\t\t\t\t\t\tpreload         : 0,\n\t\t\t\t\t\theightLimit     : true,\n\t\t\t\t\t\tautoHeight      : false,\n\t\t\t\t\t\tsmoothHeight    : true,\n\t\t\t\t\t\tendPause        : false,\n\t\t\t\t\t\toverPause       : true,\n\t\t\t\t\t\tfillMode        : \"fill\",\n\t\t\t\t\t\tcenterControls  : true,\n\t\t\t\t\t\tstartOnAppear   : false,\n\t\t\t\t\t\tlayersMode      : \"center\",\n\t\t\t\t\t\thideLayers      : false,\n\t\t\t\t\t\tfullscreenMargin: 0,\n\t\t\t\t\t\tspeed           : 20,\n\t\t\t\t\t\tdir             : \"h\",\n\t\t\t\t\t\tparallaxMode    : 'swipe',\n\t\t\t\t\t\tview            : \"basic\"\n\t\t\t\t});\n\n\t\t\t\t\n\t\t\t\twindow.masterslider_instances = window.masterslider_instances || [];\n\t\t\t\twindow.masterslider_instances.push( masterslider_22ee );\n\t\t\t });\n\n\t\t})(jQuery);\n\t\t<\/script>\n\n\n","protected":false},"excerpt":{"rendered":"<p>Bei CHT R. Beitlich waren vier Teilnehmer, die Taschen gebleicht, eingef\u00e4rbt und au\u00dferdem noch bedruckt hat. Dazu benutzten sie die unterschiedlichsten Chemikalien. Au\u00dferdem wurden ihnen die chemischen Hintergr\u00fcnde jedes Arbeitsschrittes ausf\u00fchrlich erkl\u00e4rt. Hier stellen wir euch die Teilnehmer vor, die bei dieser Firma waren:<\/p>\n","protected":false},"author":5,"featured_media":0,"parent":11,"menu_order":0,"comment_status":"closed","ping_status":"closed","template":"","meta":{"_monsterinsights_skip_tracking":false,"_monsterinsights_sitenote_active":false,"_monsterinsights_sitenote_note":"","_monsterinsights_sitenote_category":0,"footnotes":""},"class_list":["post-422","page","type-page","status-publish","hentry"],"_links":{"self":[{"href":"http:\/\/technik-akademie-tuebingen.de\/2015\/wp-json\/wp\/v2\/pages\/422","targetHints":{"allow":["GET"]}}],"collection":[{"href":"http:\/\/technik-akademie-tuebingen.de\/2015\/wp-json\/wp\/v2\/pages"}],"about":[{"href":"http:\/\/technik-akademie-tuebingen.de\/2015\/wp-json\/wp\/v2\/types\/page"}],"author":[{"embeddable":true,"href":"http:\/\/technik-akademie-tuebingen.de\/2015\/wp-json\/wp\/v2\/users\/5"}],"replies":[{"embeddable":true,"href":"http:\/\/technik-akademie-tuebingen.de\/2015\/wp-json\/wp\/v2\/comments?post=422"}],"version-history":[{"count":14,"href":"http:\/\/technik-akademie-tuebingen.de\/2015\/wp-json\/wp\/v2\/pages\/422\/revisions"}],"predecessor-version":[{"id":870,"href":"http:\/\/technik-akademie-tuebingen.de\/2015\/wp-json\/wp\/v2\/pages\/422\/revisions\/870"}],"up":[{"embeddable":true,"href":"http:\/\/technik-akademie-tuebingen.de\/2015\/wp-json\/wp\/v2\/pages\/11"}],"wp:attachment":[{"href":"http:\/\/technik-akademie-tuebingen.de\/2015\/wp-json\/wp\/v2\/media?parent=422"}],"curies":[{"name":"wp","href":"https:\/\/api.w.org\/{rel}","templated":true}]}}