{"id":45,"date":"2015-02-18T16:35:22","date_gmt":"2015-02-18T15:35:22","guid":{"rendered":"http:\/\/technik-akademie-tuebingen.de\/?page_id=45"},"modified":"2015-02-20T09:30:15","modified_gmt":"2015-02-20T08:30:15","slug":"artif","status":"publish","type":"page","link":"http:\/\/technik-akademie-tuebingen.de\/2015\/unternehmen\/artif\/","title":{"rendered":"artif GmbH &#038; Co KG"},"content":{"rendered":"<p>Bei der artif GmbH &amp; Co KG handelt es sich um ein inhabergef\u00fchrtes Unternehmen, das sich auf Webdesign, Hosting, sowie das Erstellen und Betreuen von Homepages spezialisiert hat. Dabei bietet das siebenk\u00f6pfige Team langj\u00e4hrige Interneterfahrung f\u00fcr Business-Kunden, um ein optimales Ergebnis zu erzielen.<br \/>\nDie Kunden der artif GmbH &amp; Co KG kommen aus einem weiten Spektrum, so hat das Team um Andreas Brus schon f\u00fcr das &#8222;Ministerium f\u00fcr Kultus, Jugend und Sport&#8220;, sowie f\u00fcr einige namenhafte Unternehmen gearbeitet.<br \/>\nNeben den bereits erw\u00e4hnten sechs festangestellten Mitarbeitern besch\u00e4ftigt das Unternehmen auch die Auszubildende zur &#8222;Mediengestalterin Digital und Print&#8220;\u00a0 Sarah Soltynska und das offizielle Maskottchen &#8222;arti&#8220;, das im ganzen Geb\u00e4ude anzutreffen ist.<\/p>\n<p>&nbsp;<\/p>\n\n\t\t<!-- MasterSlider -->\n\t\t<div id=\"P_MS69e1bbb1effc3\" class=\"master-slider-parent msl ms-parent-id-11\" style=\"max-width:1000px;\">\n\n\t\t\t\n\t\t\t<!-- MasterSlider Main -->\n\t\t\t<div id=\"MS69e1bbb1effc3\" class=\"master-slider ms-skin-default\" >\n\t\t\t\t \t\t\t\t \n\t\t\t\t<div  class=\"ms-slide\" data-delay=\"3\" data-fill-mode=\"fill\"  >\n\t\t\t\t\t<img decoding=\"async\" src=\"http:\/\/technik-akademie-tuebingen.de\/2015\/wp-content\/plugins\/master-slider\/public\/assets\/css\/blank.gif\" alt=\"\" title=\"\" data-src=\"http:\/\/technik-akademie-tuebingen.de\/2015\/wp-content\/uploads\/2015\/02\/artif-logo_web1-1000x500.png\" \/>\n\n\t\t\t\t\t<div class=\"ms-info ms-info-empty\">&nbsp;<\/div>\n\n\n\t<img decoding=\"async\" class=\"ms-thumb\" src=\"http:\/\/technik-akademie-tuebingen.de\/2015\/wp-content\/uploads\/2015\/02\/artif-logo_web1-100x80.png\" alt=\"\" \/>\n\t<div class=\"ms-thumb\" ><div class=\"ms-tab-context\"><div class=&quot;ms-tab-context&quot;><\/div><\/div>\n<\/div>\n\t\t\t\t<\/div>\n\t\t\t\t<div  class=\"ms-slide\" data-delay=\"3\" data-fill-mode=\"fill\"  >\n\t\t\t\t\t<img decoding=\"async\" src=\"http:\/\/technik-akademie-tuebingen.de\/2015\/wp-content\/plugins\/master-slider\/public\/assets\/css\/blank.gif\" alt=\"\" title=\"\" data-src=\"http:\/\/technik-akademie-tuebingen.de\/2015\/wp-content\/uploads\/2015\/02\/artif4_web-1000x500.png\" \/>\n\n\t\t\t\t\t<div class=\"ms-info ms-info-empty\">&nbsp;<\/div>\n\n\n\t<img decoding=\"async\" class=\"ms-thumb\" src=\"http:\/\/technik-akademie-tuebingen.de\/2015\/wp-content\/uploads\/2015\/02\/artif4_web-100x80.png\" alt=\"\" \/>\n\t<div class=\"ms-thumb\" ><div class=\"ms-tab-context\"><div class=&quot;ms-tab-context&quot;><\/div><\/div>\n<\/div>\n\t\t\t\t<\/div>\n\t\t\t\t<div  class=\"ms-slide\" data-delay=\"3\" data-fill-mode=\"fill\"  >\n\t\t\t\t\t<img decoding=\"async\" src=\"http:\/\/technik-akademie-tuebingen.de\/2015\/wp-content\/plugins\/master-slider\/public\/assets\/css\/blank.gif\" alt=\"\" title=\"\" data-src=\"http:\/\/technik-akademie-tuebingen.de\/2015\/wp-content\/uploads\/2015\/02\/artif3_web-1000x500.png\" \/>\n\n\t\t\t\t\t<div class=\"ms-info ms-info-empty\">&nbsp;<\/div>\n\n\n\t<img decoding=\"async\" class=\"ms-thumb\" src=\"http:\/\/technik-akademie-tuebingen.de\/2015\/wp-content\/uploads\/2015\/02\/artif3_web-100x80.png\" alt=\"\" \/>\n\t<div class=\"ms-thumb\" ><div class=\"ms-tab-context\"><div class=&quot;ms-tab-context&quot;><\/div><\/div>\n<\/div>\n\t\t\t\t<\/div>\n\t\t\t\t<div  class=\"ms-slide\" data-delay=\"3\" data-fill-mode=\"fill\"  >\n\t\t\t\t\t<img decoding=\"async\" src=\"http:\/\/technik-akademie-tuebingen.de\/2015\/wp-content\/plugins\/master-slider\/public\/assets\/css\/blank.gif\" alt=\"\" title=\"\" data-src=\"http:\/\/technik-akademie-tuebingen.de\/2015\/wp-content\/uploads\/2015\/02\/artif2_web-1000x500.png\" \/>\n\n\t\t\t\t\t<div class=\"ms-info ms-info-empty\">&nbsp;<\/div>\n\n\n\t<img decoding=\"async\" class=\"ms-thumb\" src=\"http:\/\/technik-akademie-tuebingen.de\/2015\/wp-content\/uploads\/2015\/02\/artif2_web-100x80.png\" alt=\"\" \/>\n\t<div class=\"ms-thumb\" ><div class=\"ms-tab-context\"><div class=&quot;ms-tab-context&quot;><\/div><\/div>\n<\/div>\n\t\t\t\t<\/div>\n\t\t\t\t<div  class=\"ms-slide\" data-delay=\"3\" data-fill-mode=\"fill\"  >\n\t\t\t\t\t<img decoding=\"async\" src=\"http:\/\/technik-akademie-tuebingen.de\/2015\/wp-content\/plugins\/master-slider\/public\/assets\/css\/blank.gif\" alt=\"\" title=\"\" data-src=\"http:\/\/technik-akademie-tuebingen.de\/2015\/wp-content\/uploads\/2015\/02\/artif1_web-1000x500.png\" \/>\n\n\t\t\t\t\t<div class=\"ms-info ms-info-empty\">&nbsp;<\/div>\n\n\n\t<img decoding=\"async\" class=\"ms-thumb\" src=\"http:\/\/technik-akademie-tuebingen.de\/2015\/wp-content\/uploads\/2015\/02\/artif1_web-100x80.png\" alt=\"\" \/>\n\t<div class=\"ms-thumb\" ><div class=\"ms-tab-context\"><div class=&quot;ms-tab-context&quot;><\/div><\/div>\n<\/div>\n\t\t\t\t<\/div>\n\n\t\t\t<\/div>\n\t\t\t<!-- END MasterSlider Main -->\n\n\t\t\t \n\t\t<\/div>\n\t\t<!-- END MasterSlider -->\n\n\t\t<script>\n\t\t(function ( $ ) {\n\t\t\t\"use strict\";\n\n\t\t\t$(function () {\n\t\t\t\tvar masterslider_ffc3 = new MasterSlider();\n\n\t\t\t\t\/\/ slider controls\n\t\t\t\tmasterslider_ffc3.control('arrows'     ,{ autohide:true, overVideo:true  });\t\t\t\tmasterslider_ffc3.control('bullets'    ,{ autohide:true, overVideo:true, dir:'h', align:'bottom' , margin:10  });\n\n\t\t\t\tmasterslider_ffc3.control('thumblist'  ,{ autohide:false, overVideo:true, dir:'h', speed:17, inset:false, arrows:false, hover:false, customClass:'', align:'bottom',type:'thumbs', margin:10, width:100, height:80, space:5, fillMode:'fill'  });\n\t\t\t\tmasterslider_ffc3.control('timebar'    ,{ autohide:false, overVideo:true, align:'top', color:'#0d7813'  , width:4 });\n\t\t\t\tmasterslider_ffc3.control('slideinfo'  ,{ autohide:false, overVideo:true, dir:'h', align:'bottom',inset:false , margin:10   });\n\t\t\t\t\/\/ slider setup\n\t\t\t\tmasterslider_ffc3.setup(\"MS69e1bbb1effc3\", {\n\t\t\t\t\t\twidth           : 1000,\n\t\t\t\t\t\theight          : 500,\n\t\t\t\t\t\tminHeight       : 0,\n\t\t\t\t\t\tspace           : 0,\n\t\t\t\t\t\tstart           : 1,\n\t\t\t\t\t\tgrabCursor      : true,\n\t\t\t\t\t\tswipe           : true,\n\t\t\t\t\t\tmouse           : true,\n\t\t\t\t\t\tlayout          : \"boxed\",\n\t\t\t\t\t\twheel           : false,\n\t\t\t\t\t\tautoplay        : true,\n\t\t\t\t\t\tinstantStartLayers:false,\n\t\t\t\t\t\tloop            : false,\n\t\t\t\t\t\tshuffle         : false,\n\t\t\t\t\t\tpreload         : 0,\n\t\t\t\t\t\theightLimit     : true,\n\t\t\t\t\t\tautoHeight      : false,\n\t\t\t\t\t\tsmoothHeight    : true,\n\t\t\t\t\t\tendPause        : false,\n\t\t\t\t\t\toverPause       : true,\n\t\t\t\t\t\tfillMode        : \"fill\",\n\t\t\t\t\t\tcenterControls  : true,\n\t\t\t\t\t\tstartOnAppear   : false,\n\t\t\t\t\t\tlayersMode      : \"center\",\n\t\t\t\t\t\thideLayers      : false,\n\t\t\t\t\t\tfullscreenMargin: 0,\n\t\t\t\t\t\tspeed           : 20,\n\t\t\t\t\t\tdir             : \"h\",\n\t\t\t\t\t\tparallaxMode    : 'swipe',\n\t\t\t\t\t\tview            : \"basic\"\n\t\t\t\t});\n\n\t\t\t\t\n\t\t\t\twindow.masterslider_instances = window.masterslider_instances || [];\n\t\t\t\twindow.masterslider_instances.push( masterslider_ffc3 );\n\t\t\t });\n\n\t\t})(jQuery);\n\t\t<\/script>\n\n\n<p>&nbsp;<\/p>\n","protected":false},"excerpt":{"rendered":"<p>Bei der artif GmbH &amp; Co KG handelt es sich um ein inhabergef\u00fchrtes Unternehmen, das sich auf Webdesign, Hosting, sowie das Erstellen und Betreuen von Homepages spezialisiert hat. Dabei bietet das siebenk\u00f6pfige Team langj\u00e4hrige Interneterfahrung f\u00fcr Business-Kunden, um ein optimales Ergebnis zu erzielen. Die Kunden der artif GmbH &amp; Co KG kommen aus einem weiten [&hellip;]<\/p>\n","protected":false},"author":5,"featured_media":146,"parent":8,"menu_order":0,"comment_status":"closed","ping_status":"closed","template":"","meta":{"_monsterinsights_skip_tracking":false,"_monsterinsights_sitenote_active":false,"_monsterinsights_sitenote_note":"","_monsterinsights_sitenote_category":0,"footnotes":""},"class_list":["post-45","page","type-page","status-publish","has-post-thumbnail","hentry"],"_links":{"self":[{"href":"http:\/\/technik-akademie-tuebingen.de\/2015\/wp-json\/wp\/v2\/pages\/45","targetHints":{"allow":["GET"]}}],"collection":[{"href":"http:\/\/technik-akademie-tuebingen.de\/2015\/wp-json\/wp\/v2\/pages"}],"about":[{"href":"http:\/\/technik-akademie-tuebingen.de\/2015\/wp-json\/wp\/v2\/types\/page"}],"author":[{"embeddable":true,"href":"http:\/\/technik-akademie-tuebingen.de\/2015\/wp-json\/wp\/v2\/users\/5"}],"replies":[{"embeddable":true,"href":"http:\/\/technik-akademie-tuebingen.de\/2015\/wp-json\/wp\/v2\/comments?post=45"}],"version-history":[{"count":15,"href":"http:\/\/technik-akademie-tuebingen.de\/2015\/wp-json\/wp\/v2\/pages\/45\/revisions"}],"predecessor-version":[{"id":623,"href":"http:\/\/technik-akademie-tuebingen.de\/2015\/wp-json\/wp\/v2\/pages\/45\/revisions\/623"}],"up":[{"embeddable":true,"href":"http:\/\/technik-akademie-tuebingen.de\/2015\/wp-json\/wp\/v2\/pages\/8"}],"wp:featuredmedia":[{"embeddable":true,"href":"http:\/\/technik-akademie-tuebingen.de\/2015\/wp-json\/wp\/v2\/media\/146"}],"wp:attachment":[{"href":"http:\/\/technik-akademie-tuebingen.de\/2015\/wp-json\/wp\/v2\/media?parent=45"}],"curies":[{"name":"wp","href":"https:\/\/api.w.org\/{rel}","templated":true}]}}