{"id":512,"date":"2015-02-19T15:27:27","date_gmt":"2015-02-19T14:27:27","guid":{"rendered":"http:\/\/technik-akademie-tuebingen.de\/?page_id=512"},"modified":"2015-02-20T19:28:08","modified_gmt":"2015-02-20T18:28:08","slug":"zitate","status":"publish","type":"page","link":"http:\/\/technik-akademie-tuebingen.de\/2015\/witziges\/zitate\/","title":{"rendered":"Zitate"},"content":{"rendered":"<p>Nat\u00fcrlich gab es neben einigen witzigen Fotos auch ein paar coole Spr\u00fcche und Zitate aus der Woche.<\/p>\n<p><strong><em><span style=\"text-decoration: underline;\">Viel Spa\u00df!<\/span><\/em><\/strong><\/p>\n<p>&nbsp;<\/p>\n<hr \/>\n<blockquote><p>&#8222;Die Technik Akademie &#8211; Abgenickt von Tech-Nick&#8220;<\/p>\n<p>-Jonathan vom 16.02.2015<\/p><\/blockquote>\n<hr \/>\n<blockquote><p>&#8222;Das ist &#8217;ne Einbahnstra\u00dfe, da kannst du nicht einfach in die andere Richtung laufen!&#8220;<\/p>\n<p>-Paul vom 19.02.2014<\/p><\/blockquote>\n<hr \/>\n<blockquote><p>&#8222;Mir gehts gut, Ich habe nicht zu viel von dem Grie\u00dfbrei gegessen&#8220;<\/p>\n<p>-Jan vom 20.20.2014<\/p><\/blockquote>\n<p>&nbsp;<\/p>\n<p>&nbsp;<\/p>\n","protected":false},"excerpt":{"rendered":"<p>Nat\u00fcrlich gab es neben einigen witzigen Fotos auch ein paar coole Spr\u00fcche und Zitate aus der Woche. Viel Spa\u00df! &nbsp; &#8222;Die Technik Akademie &#8211; Abgenickt von Tech-Nick&#8220; -Jonathan vom 16.02.2015 &#8222;Das ist &#8217;ne Einbahnstra\u00dfe, da kannst du nicht einfach in die andere Richtung laufen!&#8220; -Paul vom 19.02.2014 &#8222;Mir gehts gut, Ich habe nicht zu viel [&hellip;]<\/p>\n","protected":false},"author":5,"featured_media":0,"parent":17,"menu_order":2,"comment_status":"closed","ping_status":"closed","template":"","meta":{"_monsterinsights_skip_tracking":false,"_monsterinsights_sitenote_active":false,"_monsterinsights_sitenote_note":"","_monsterinsights_sitenote_category":0,"footnotes":""},"class_list":["post-512","page","type-page","status-publish","hentry"],"_links":{"self":[{"href":"http:\/\/technik-akademie-tuebingen.de\/2015\/wp-json\/wp\/v2\/pages\/512","targetHints":{"allow":["GET"]}}],"collection":[{"href":"http:\/\/technik-akademie-tuebingen.de\/2015\/wp-json\/wp\/v2\/pages"}],"about":[{"href":"http:\/\/technik-akademie-tuebingen.de\/2015\/wp-json\/wp\/v2\/types\/page"}],"author":[{"embeddable":true,"href":"http:\/\/technik-akademie-tuebingen.de\/2015\/wp-json\/wp\/v2\/users\/5"}],"replies":[{"embeddable":true,"href":"http:\/\/technik-akademie-tuebingen.de\/2015\/wp-json\/wp\/v2\/comments?post=512"}],"version-history":[{"count":8,"href":"http:\/\/technik-akademie-tuebingen.de\/2015\/wp-json\/wp\/v2\/pages\/512\/revisions"}],"predecessor-version":[{"id":859,"href":"http:\/\/technik-akademie-tuebingen.de\/2015\/wp-json\/wp\/v2\/pages\/512\/revisions\/859"}],"up":[{"embeddable":true,"href":"http:\/\/technik-akademie-tuebingen.de\/2015\/wp-json\/wp\/v2\/pages\/17"}],"wp:attachment":[{"href":"http:\/\/technik-akademie-tuebingen.de\/2015\/wp-json\/wp\/v2\/media?parent=512"}],"curies":[{"name":"wp","href":"https:\/\/api.w.org\/{rel}","templated":true}]}}