{"id":517,"date":"2015-02-19T15:39:42","date_gmt":"2015-02-19T14:39:42","guid":{"rendered":"http:\/\/technik-akademie-tuebingen.de\/?page_id=517"},"modified":"2015-02-19T15:44:38","modified_gmt":"2015-02-19T14:44:38","slug":"bilder","status":"publish","type":"page","link":"http:\/\/technik-akademie-tuebingen.de\/2015\/witziges\/bilder\/","title":{"rendered":"Bilder"},"content":{"rendered":"<p>In der Woche hatten wir viel Zeit in und um T\u00fcbingen verschiedene Kuriosit\u00e4ten zu bestaunen, der Inhalt dieser Seite baut sich nach und nach aus dem auf, was wir gefunden haben.<\/p>\n<div id='gallery-1' class='gallery galleryid-517 gallery-columns-1 gallery-size-medium'><figure class='gallery-item'>\n\t\t\t<div class='gallery-icon landscape'>\n\t\t\t\t<a href='http:\/\/technik-akademie-tuebingen.de\/2015\/wp-content\/uploads\/2015\/02\/Googleschreiber.png'><img loading=\"lazy\" decoding=\"async\" width=\"300\" height=\"53\" src=\"http:\/\/technik-akademie-tuebingen.de\/2015\/wp-content\/uploads\/2015\/02\/Googleschreiber-300x53.png\" class=\"attachment-medium size-medium\" alt=\"\" aria-describedby=\"gallery-1-260\" srcset=\"http:\/\/technik-akademie-tuebingen.de\/2015\/wp-content\/uploads\/2015\/02\/Googleschreiber-300x53.png 300w, http:\/\/technik-akademie-tuebingen.de\/2015\/wp-content\/uploads\/2015\/02\/Googleschreiber.png 620w\" sizes=\"auto, (max-width: 300px) 100vw, 300px\" \/><\/a>\n\t\t\t<\/div>\n\t\t\t\t<figcaption class='wp-caption-text gallery-caption' id='gallery-1-260'>\n\t\t\t\tDer \u201cGoogleschreiber\u201d (Bezeichnung von Moritz vom 16.02.2015)\n\t\t\t\t<\/figcaption><\/figure><figure class='gallery-item'>\n\t\t\t<div class='gallery-icon portrait'>\n\t\t\t\t<a href='http:\/\/technik-akademie-tuebingen.de\/2015\/wp-content\/uploads\/2015\/02\/skelett.png'><img loading=\"lazy\" decoding=\"async\" width=\"201\" height=\"300\" src=\"http:\/\/technik-akademie-tuebingen.de\/2015\/wp-content\/uploads\/2015\/02\/skelett-201x300.png\" class=\"attachment-medium size-medium\" alt=\"\" aria-describedby=\"gallery-1-305\" srcset=\"http:\/\/technik-akademie-tuebingen.de\/2015\/wp-content\/uploads\/2015\/02\/skelett-201x300.png 201w, http:\/\/technik-akademie-tuebingen.de\/2015\/wp-content\/uploads\/2015\/02\/skelett.png 685w\" sizes=\"auto, (max-width: 201px) 100vw, 201px\" \/><\/a>\n\t\t\t<\/div>\n\t\t\t\t<figcaption class='wp-caption-text gallery-caption' id='gallery-1-305'>\n\t\t\t\tGefunden in einem T\u00fcbinger S\u00fc\u00dfigkeitenladen\n\t\t\t\t<\/figcaption><\/figure><figure class='gallery-item'>\n\t\t\t<div class='gallery-icon landscape'>\n\t\t\t\t<a href='http:\/\/technik-akademie-tuebingen.de\/2015\/wp-content\/uploads\/2015\/02\/T\u00fcbinen-II_9_edited1.png'><img loading=\"lazy\" decoding=\"async\" width=\"300\" height=\"201\" src=\"http:\/\/technik-akademie-tuebingen.de\/2015\/wp-content\/uploads\/2015\/02\/T\u00fcbinen-II_9_edited1-300x201.png\" class=\"attachment-medium size-medium\" alt=\"\" aria-describedby=\"gallery-1-384\" srcset=\"http:\/\/technik-akademie-tuebingen.de\/2015\/wp-content\/uploads\/2015\/02\/T\u00fcbinen-II_9_edited1-300x201.png 300w, http:\/\/technik-akademie-tuebingen.de\/2015\/wp-content\/uploads\/2015\/02\/T\u00fcbinen-II_9_edited1.png 1024w\" sizes=\"auto, (max-width: 300px) 100vw, 300px\" \/><\/a>\n\t\t\t<\/div>\n\t\t\t\t<figcaption class='wp-caption-text gallery-caption' id='gallery-1-384'>\n\t\t\t\tAufgenommen in der T\u00fcbinger Altstadt\n\t\t\t\t<\/figcaption><\/figure>\n\t\t<\/div>\n\n","protected":false},"excerpt":{"rendered":"<p>In der Woche hatten wir viel Zeit in und um T\u00fcbingen verschiedene Kuriosit\u00e4ten zu bestaunen, der Inhalt dieser Seite baut sich nach und nach aus dem auf, was wir gefunden haben.<\/p>\n","protected":false},"author":5,"featured_media":0,"parent":17,"menu_order":1,"comment_status":"closed","ping_status":"open","template":"","meta":{"_monsterinsights_skip_tracking":false,"_monsterinsights_sitenote_active":false,"_monsterinsights_sitenote_note":"","_monsterinsights_sitenote_category":0,"footnotes":""},"class_list":["post-517","page","type-page","status-publish","hentry"],"_links":{"self":[{"href":"http:\/\/technik-akademie-tuebingen.de\/2015\/wp-json\/wp\/v2\/pages\/517","targetHints":{"allow":["GET"]}}],"collection":[{"href":"http:\/\/technik-akademie-tuebingen.de\/2015\/wp-json\/wp\/v2\/pages"}],"about":[{"href":"http:\/\/technik-akademie-tuebingen.de\/2015\/wp-json\/wp\/v2\/types\/page"}],"author":[{"embeddable":true,"href":"http:\/\/technik-akademie-tuebingen.de\/2015\/wp-json\/wp\/v2\/users\/5"}],"replies":[{"embeddable":true,"href":"http:\/\/technik-akademie-tuebingen.de\/2015\/wp-json\/wp\/v2\/comments?post=517"}],"version-history":[{"count":3,"href":"http:\/\/technik-akademie-tuebingen.de\/2015\/wp-json\/wp\/v2\/pages\/517\/revisions"}],"predecessor-version":[{"id":521,"href":"http:\/\/technik-akademie-tuebingen.de\/2015\/wp-json\/wp\/v2\/pages\/517\/revisions\/521"}],"up":[{"embeddable":true,"href":"http:\/\/technik-akademie-tuebingen.de\/2015\/wp-json\/wp\/v2\/pages\/17"}],"wp:attachment":[{"href":"http:\/\/technik-akademie-tuebingen.de\/2015\/wp-json\/wp\/v2\/media?parent=517"}],"curies":[{"name":"wp","href":"https:\/\/api.w.org\/{rel}","templated":true}]}}