{"id":632,"date":"2015-02-20T09:39:23","date_gmt":"2015-02-20T08:39:23","guid":{"rendered":"http:\/\/technik-akademie-tuebingen.de\/?page_id=632"},"modified":"2016-02-12T10:41:13","modified_gmt":"2016-02-12T09:41:13","slug":"foerster","status":"publish","type":"page","link":"http:\/\/technik-akademie-tuebingen.de\/2015\/teilnehmer\/foerster\/","title":{"rendered":"Team FOERSTER"},"content":{"rendered":"<p>Bei <a href=\"http:\/\/technik-akademie-tuebingen.de\/unternehmen\/foerster\/\" title=\"INSTITUT DR. FOERSTER GMBH &#038; CO. KG\">FOERSTER<\/a> durfte eine Gruppe viel l\u00f6ten, denn es wurde ihnen erm\u00f6glicht ein Messger\u00e4t f\u00fcr magnetische Felder zu bauen. Damit konnten sie dann Metalle z.B. auf L\u00f6cher testen. Um diese Messger\u00e4te zu bauen, war viel Fingerspitzengef\u00fchl und genaues L\u00f6ten n\u00f6tig.<\/p>\n<p>Wir stellen euch hier die Teilnehmer vor, die dabei mehr oder weniger Erfolg hatten:<\/p>\n\n\t\t<!-- MasterSlider -->\n\t\t<div id=\"P_MS69e1bc23d57b0\" class=\"master-slider-parent msl ms-parent-id-15\" style=\"max-width:375px;\">\n\n\t\t\t\n\t\t\t<!-- MasterSlider Main -->\n\t\t\t<div id=\"MS69e1bc23d57b0\" class=\"master-slider ms-skin-default\" >\n\t\t\t\t \t\t\t\t \n\t\t\t\t<div  class=\"ms-slide\" data-delay=\"3\" data-fill-mode=\"fill\"  >\n\t\t\t\t\t<img decoding=\"async\" src=\"http:\/\/technik-akademie-tuebingen.de\/2015\/wp-content\/plugins\/master-slider\/public\/assets\/css\/blank.gif\" alt=\"\" title=\"\" data-src=\"http:\/\/technik-akademie-tuebingen.de\/2015\/wp-content\/uploads\/2015\/02\/Jana_F\u00f6rster-375x500.png\" \/>\n\n\t\t\t\t\t<div class=\"ms-info\"><p>Janas Lieblingsf\u00e4cher sind Mathe, NWT, Physik, Chemie und Biologie, in ihrer Freizeit spielt sie im Musikverein und in einer Big Band. Au\u00dferdem liest sie gerne, h\u00f6rt Musik und trifft sich mit Freunden.<\/p><\/div>\n\n\n\t<img decoding=\"async\" class=\"ms-thumb\" src=\"http:\/\/technik-akademie-tuebingen.de\/2015\/wp-content\/uploads\/2015\/02\/Jana_F\u00f6rster-100x80.png\" alt=\"\" \/>\n\t<div class=\"ms-thumb\" ><div class=\"ms-tab-context\"><div class=&quot;ms-tab-context&quot;><\/div><\/div>\n<\/div>\n\t\t\t\t<\/div>\n\t\t\t\t<div  class=\"ms-slide\" data-delay=\"3\" data-fill-mode=\"fill\"  >\n\t\t\t\t\t<img decoding=\"async\" src=\"http:\/\/technik-akademie-tuebingen.de\/2015\/wp-content\/plugins\/master-slider\/public\/assets\/css\/blank.gif\" alt=\"\" title=\"\" data-src=\"http:\/\/technik-akademie-tuebingen.de\/2015\/wp-content\/uploads\/2015\/02\/Benedikt_F\u00f6rster-375x500.png\" \/>\n\n\t\t\t\t\t<div class=\"ms-info\"><p>Benedikts Lieblingsf\u00e4cher sind Latein, Englisch, Mathe, Physik und Chemie. In seiner Freizeit kocht er gerne. Bei F\u00f6rster hat er sich beworben, weil er sich f\u00fcr Steuerungstechnik interessiert. Sein Lieblingsessen sind K\u00e4sesp\u00e4tzle.<\/p><\/div>\n\n\n\t<img decoding=\"async\" class=\"ms-thumb\" src=\"http:\/\/technik-akademie-tuebingen.de\/2015\/wp-content\/uploads\/2015\/02\/Benedikt_F\u00f6rster-100x80.png\" alt=\"\" \/>\n\t<div class=\"ms-thumb\" ><div class=\"ms-tab-context\"><div class=&quot;ms-tab-context&quot;><\/div><\/div>\n<\/div>\n\t\t\t\t<\/div>\n\t\t\t\t<div  class=\"ms-slide\" data-delay=\"3\" data-fill-mode=\"fill\"  >\n\t\t\t\t\t<img decoding=\"async\" src=\"http:\/\/technik-akademie-tuebingen.de\/2015\/wp-content\/plugins\/master-slider\/public\/assets\/css\/blank.gif\" alt=\"\" title=\"\" data-src=\"http:\/\/technik-akademie-tuebingen.de\/2015\/wp-content\/uploads\/2015\/02\/F\u00f6rster_1-375x500.png\" \/>\n\n\t\t\t\t\t<div class=\"ms-info\"><p>Jonathans Lieblingsf\u00e4cher Chemie, Physik und Biologie sind. In seiner Freizeit geht er in die Roboter AG und interessiert sich f\u00fcr die Astronomie. Deswegen m\u00f6chte er sp\u00e4ter mal etwas Astronomisches machen.<\/p><\/div>\n\n\n\t<img decoding=\"async\" class=\"ms-thumb\" src=\"http:\/\/technik-akademie-tuebingen.de\/2015\/wp-content\/uploads\/2015\/02\/F\u00f6rster_1-100x80.png\" alt=\"\" \/>\n\t<div class=\"ms-thumb\" ><div class=\"ms-tab-context\"><div class=&quot;ms-tab-context&quot;><\/div><\/div>\n<\/div>\n\t\t\t\t<\/div>\n\t\t\t\t<div  class=\"ms-slide\" data-delay=\"3\" data-fill-mode=\"fill\"  >\n\t\t\t\t\t<img decoding=\"async\" src=\"http:\/\/technik-akademie-tuebingen.de\/2015\/wp-content\/plugins\/master-slider\/public\/assets\/css\/blank.gif\" alt=\"\" title=\"\" data-src=\"http:\/\/technik-akademie-tuebingen.de\/2015\/wp-content\/uploads\/2015\/02\/Franca_F\u00f6rster-375x500.png\" \/>\n\n\t\t\t\t\t<div class=\"ms-info\"><p>Francas Lieblingsf\u00e4cher sind Mathe, Physik, NWT, Sport und BK. In ihrer Freizeit tanzt sie, zeichnet und trifft sich mit Freunden. Bei F\u00f6rster hat sie sich beworben, weil sie sich f\u00fcr diesen Bereich interessiert.<\/p><\/div>\n\n\n\t<img decoding=\"async\" class=\"ms-thumb\" src=\"http:\/\/technik-akademie-tuebingen.de\/2015\/wp-content\/uploads\/2015\/02\/Franca_F\u00f6rster-100x80.png\" alt=\"\" \/>\n\t<div class=\"ms-thumb\" ><div class=\"ms-tab-context\"><div class=&quot;ms-tab-context&quot;><\/div><\/div>\n<\/div>\n\t\t\t\t<\/div>\n\n\t\t\t<\/div>\n\t\t\t<!-- END MasterSlider Main -->\n\n\t\t\t \n\t\t<\/div>\n\t\t<!-- END MasterSlider -->\n\n\t\t<script>\n\t\t(function ( $ ) {\n\t\t\t\"use strict\";\n\n\t\t\t$(function () {\n\t\t\t\tvar masterslider_57b0 = new MasterSlider();\n\n\t\t\t\t\/\/ slider controls\n\t\t\t\tmasterslider_57b0.control('arrows'     ,{ autohide:true, overVideo:true  });\t\t\t\tmasterslider_57b0.control('bullets'    ,{ autohide:true, overVideo:true, dir:'h', align:'bottom' , margin:10  });\n\n\t\t\t\tmasterslider_57b0.control('thumblist'  ,{ autohide:false, overVideo:true, dir:'h', speed:17, inset:false, arrows:false, hover:false, customClass:'', align:'bottom',type:'thumbs', margin:10, width:100, height:80, space:5, fillMode:'fill'  });\n\t\t\t\tmasterslider_57b0.control('scrollbar'  ,{ autohide:false, overVideo:true, dir:'h', inset:true, align:'top', color:'#3D3D3D' , margin:10  , width:4 });\n\t\t\t\tmasterslider_57b0.control('circletimer',{ autohide:false, overVideo:true, color:'#A2A2A2', radius:4, stroke:10   });\n\t\t\t\tmasterslider_57b0.control('timebar'    ,{ autohide:false, overVideo:true, align:'bottom', color:'#FFFFFF'  , width:4 });\n\t\t\t\tmasterslider_57b0.control('slideinfo'  ,{ autohide:false, overVideo:true, dir:'h', align:'bottom',inset:false , margin:10   });\n\t\t\t\t\/\/ slider setup\n\t\t\t\tmasterslider_57b0.setup(\"MS69e1bc23d57b0\", {\n\t\t\t\t\t\twidth           : 375,\n\t\t\t\t\t\theight          : 500,\n\t\t\t\t\t\tminHeight       : 0,\n\t\t\t\t\t\tspace           : 0,\n\t\t\t\t\t\tstart           : 1,\n\t\t\t\t\t\tgrabCursor      : true,\n\t\t\t\t\t\tswipe           : true,\n\t\t\t\t\t\tmouse           : true,\n\t\t\t\t\t\tlayout          : \"boxed\",\n\t\t\t\t\t\twheel           : false,\n\t\t\t\t\t\tautoplay        : false,\n\t\t\t\t\t\tinstantStartLayers:false,\n\t\t\t\t\t\tloop            : false,\n\t\t\t\t\t\tshuffle         : false,\n\t\t\t\t\t\tpreload         : 0,\n\t\t\t\t\t\theightLimit     : true,\n\t\t\t\t\t\tautoHeight      : false,\n\t\t\t\t\t\tsmoothHeight    : true,\n\t\t\t\t\t\tendPause        : false,\n\t\t\t\t\t\toverPause       : true,\n\t\t\t\t\t\tfillMode        : \"fill\",\n\t\t\t\t\t\tcenterControls  : true,\n\t\t\t\t\t\tstartOnAppear   : false,\n\t\t\t\t\t\tlayersMode      : \"center\",\n\t\t\t\t\t\thideLayers      : false,\n\t\t\t\t\t\tfullscreenMargin: 0,\n\t\t\t\t\t\tspeed           : 20,\n\t\t\t\t\t\tdir             : \"h\",\n\t\t\t\t\t\tparallaxMode    : 'swipe',\n\t\t\t\t\t\tview            : \"basic\"\n\t\t\t\t});\n\n\t\t\t\t\n\t\t\t\twindow.masterslider_instances = window.masterslider_instances || [];\n\t\t\t\twindow.masterslider_instances.push( masterslider_57b0 );\n\t\t\t });\n\n\t\t})(jQuery);\n\t\t<\/script>\n\n\n","protected":false},"excerpt":{"rendered":"<p>Bei FOERSTER durfte eine Gruppe viel l\u00f6ten, denn es wurde ihnen erm\u00f6glicht ein Messger\u00e4t f\u00fcr magnetische Felder zu bauen. Damit konnten sie dann Metalle z.B. auf L\u00f6cher testen. Um diese Messger\u00e4te zu bauen, war viel Fingerspitzengef\u00fchl und genaues L\u00f6ten n\u00f6tig. Wir stellen euch hier die Teilnehmer vor, die dabei mehr oder weniger Erfolg hatten:<\/p>\n","protected":false},"author":2,"featured_media":0,"parent":11,"menu_order":0,"comment_status":"closed","ping_status":"closed","template":"","meta":{"_monsterinsights_skip_tracking":false,"_monsterinsights_sitenote_active":false,"_monsterinsights_sitenote_note":"","_monsterinsights_sitenote_category":0,"footnotes":""},"class_list":["post-632","page","type-page","status-publish","hentry"],"_links":{"self":[{"href":"http:\/\/technik-akademie-tuebingen.de\/2015\/wp-json\/wp\/v2\/pages\/632","targetHints":{"allow":["GET"]}}],"collection":[{"href":"http:\/\/technik-akademie-tuebingen.de\/2015\/wp-json\/wp\/v2\/pages"}],"about":[{"href":"http:\/\/technik-akademie-tuebingen.de\/2015\/wp-json\/wp\/v2\/types\/page"}],"author":[{"embeddable":true,"href":"http:\/\/technik-akademie-tuebingen.de\/2015\/wp-json\/wp\/v2\/users\/2"}],"replies":[{"embeddable":true,"href":"http:\/\/technik-akademie-tuebingen.de\/2015\/wp-json\/wp\/v2\/comments?post=632"}],"version-history":[{"count":9,"href":"http:\/\/technik-akademie-tuebingen.de\/2015\/wp-json\/wp\/v2\/pages\/632\/revisions"}],"predecessor-version":[{"id":828,"href":"http:\/\/technik-akademie-tuebingen.de\/2015\/wp-json\/wp\/v2\/pages\/632\/revisions\/828"}],"up":[{"embeddable":true,"href":"http:\/\/technik-akademie-tuebingen.de\/2015\/wp-json\/wp\/v2\/pages\/11"}],"wp:attachment":[{"href":"http:\/\/technik-akademie-tuebingen.de\/2015\/wp-json\/wp\/v2\/media?parent=632"}],"curies":[{"name":"wp","href":"https:\/\/api.w.org\/{rel}","templated":true}]}}