{"id":780,"date":"2015-02-20T13:50:47","date_gmt":"2015-02-20T12:50:47","guid":{"rendered":"http:\/\/technik-akademie-tuebingen.de\/?page_id=780"},"modified":"2016-02-12T10:41:21","modified_gmt":"2016-02-12T09:41:21","slug":"team-siemens","status":"publish","type":"page","link":"http:\/\/technik-akademie-tuebingen.de\/2015\/teilnehmer\/team-siemens\/","title":{"rendered":"Team Siemens"},"content":{"rendered":"<p>Eine Gruppe war die Woche \u00fcber bei <a href=\"http:\/\/technik-akademie-tuebingen.de\/unternehmen\/siemens\/\" title=\"Siemens AG\">Siemens<\/a>, um Getriebe zu bauen. Dazu wurden Geh\u00e4use aufgefr\u00e4st und lackiert. Auch Kurbeln dazu wurden gebaut.<\/p>\n<p>Im Folgenden stellen wir euch die Teilnehmer, die bei Siemens waren, vor:<\/p>\n\n\t\t<!-- MasterSlider -->\n\t\t<div id=\"P_MS69e4bc9c1e5f3\" class=\"master-slider-parent msl ms-parent-id-22\" style=\"max-width:1000px;\">\n\n\t\t\t\n\t\t\t<!-- MasterSlider Main -->\n\t\t\t<div id=\"MS69e4bc9c1e5f3\" class=\"master-slider ms-skin-default\" >\n\t\t\t\t \t\t\t\t \n\t\t\t\t<div  class=\"ms-slide\" data-delay=\"3\" data-fill-mode=\"fill\"  >\n\t\t\t\t\t<img decoding=\"async\" src=\"http:\/\/technik-akademie-tuebingen.de\/2015\/wp-content\/plugins\/master-slider\/public\/assets\/css\/blank.gif\" alt=\"\" title=\"\" data-src=\"http:\/\/technik-akademie-tuebingen.de\/2015\/wp-content\/uploads\/2015\/02\/siemens-1000x500.png\" \/>\n\n\t\t\t\t\t<div class=\"ms-info\">Der aus Veringenstadt kommende Noah (links) geht auf die Liebfrauenschule Sigmaringen, wo seine Lieblingsf\u00e4cher NWT, Mathe und Sport sind. Er spielt im Musikverein und im Fu\u00dfballverein, au\u00dferdem f\u00e4hrt er gerne Fahrrad. Bei Siemens hat er sich beworben, weil Getriebe ihn interessieren.<\/div>\n\n\n\t<img decoding=\"async\" class=\"ms-thumb\" src=\"http:\/\/technik-akademie-tuebingen.de\/2015\/wp-content\/uploads\/2015\/02\/siemens-100x80.png\" alt=\"\" \/>\n\t<div class=\"ms-thumb\" ><div class=\"ms-tab-context\"><div class=&quot;ms-tab-context&quot;><\/div><\/div>\n<\/div>\n\t\t\t\t<\/div>\n\t\t\t\t<div  class=\"ms-slide\" data-delay=\"3\" data-fill-mode=\"fill\"  >\n\t\t\t\t\t<img decoding=\"async\" src=\"http:\/\/technik-akademie-tuebingen.de\/2015\/wp-content\/plugins\/master-slider\/public\/assets\/css\/blank.gif\" alt=\"\" title=\"\" data-src=\"http:\/\/technik-akademie-tuebingen.de\/2015\/wp-content\/uploads\/2015\/02\/siemens-1000x500.png\" \/>\n\n\t\t\t\t\t<div class=\"ms-info\">Timo (2. v. links) kommt aus Moosheim und geht auf die St. Johann Blonried Schule, seine Lieblingsf\u00e4cher sind NWT, Mathe, Physik, Chemie und Sport. In seiner Freizeit macht er Kraftsport, turnt, joggt und f\u00e4hrt Fahrrad. Au\u00dferdem liest und kocht er.<\/div>\n\n\n\t<img decoding=\"async\" class=\"ms-thumb\" src=\"http:\/\/technik-akademie-tuebingen.de\/2015\/wp-content\/uploads\/2015\/02\/siemens-100x80.png\" alt=\"\" \/>\n\t<div class=\"ms-thumb\" ><div class=\"ms-tab-context\"><div class=&quot;ms-tab-context&quot;><\/div><\/div>\n<\/div>\n\t\t\t\t<\/div>\n\t\t\t\t<div  class=\"ms-slide\" data-delay=\"3\" data-fill-mode=\"fill\"  >\n\t\t\t\t\t<img decoding=\"async\" src=\"http:\/\/technik-akademie-tuebingen.de\/2015\/wp-content\/plugins\/master-slider\/public\/assets\/css\/blank.gif\" alt=\"\" title=\"\" data-src=\"http:\/\/technik-akademie-tuebingen.de\/2015\/wp-content\/uploads\/2015\/02\/siemens-1000x500.png\" \/>\n\n\t\t\t\t\t<div class=\"ms-info\"><p>Auf dem Eugen Bolz Gymnasium sind die Lieblingsf\u00e4cher von Sarah (3. v. rechts) Mathe, Physik und Musik. Musikalisch ist sie auch in ihrer Freizeit, so spielt sie im Orchester Geige und Klavier. Au\u00dferdem klettert sie, geht schwimmen und kocht gerne.<\/p><\/div>\n\n\n\t<img decoding=\"async\" class=\"ms-thumb\" src=\"http:\/\/technik-akademie-tuebingen.de\/2015\/wp-content\/uploads\/2015\/02\/siemens-100x80.png\" alt=\"\" \/>\n\t<div class=\"ms-thumb\" ><div class=\"ms-tab-context\"><div class=&quot;ms-tab-context&quot;><\/div><\/div>\n<\/div>\n\t\t\t\t<\/div>\n\t\t\t\t<div  class=\"ms-slide\" data-delay=\"3\" data-fill-mode=\"fill\"  >\n\t\t\t\t\t<img decoding=\"async\" src=\"http:\/\/technik-akademie-tuebingen.de\/2015\/wp-content\/plugins\/master-slider\/public\/assets\/css\/blank.gif\" alt=\"\" title=\"\" data-src=\"http:\/\/technik-akademie-tuebingen.de\/2015\/wp-content\/uploads\/2015\/02\/siemens-1000x500.png\" \/>\n\n\t\t\t\t\t<div class=\"ms-info\"><p>Marcia (2. v. rechts) geht auf das Isolde-Kurz-Gymnasium Reutlingen. Nebenher geht sie ins DLRG, zur Musikschule und in den Englisch Club. In ihrer Freizeit liest sie, sammelt Comics und zeichnet gerne. Was sie mal werden will, wei\u00df sie noch nicht.<\/p><\/div>\n\n\n\t<img decoding=\"async\" class=\"ms-thumb\" src=\"http:\/\/technik-akademie-tuebingen.de\/2015\/wp-content\/uploads\/2015\/02\/siemens-100x80.png\" alt=\"\" \/>\n\t<div class=\"ms-thumb\" ><div class=\"ms-tab-context\"><div class=&quot;ms-tab-context&quot;><\/div><\/div>\n<\/div>\n\t\t\t\t<\/div>\n\n\t\t\t<\/div>\n\t\t\t<!-- END MasterSlider Main -->\n\n\t\t\t \n\t\t<\/div>\n\t\t<!-- END MasterSlider -->\n\n\t\t<script>\n\t\t(function ( $ ) {\n\t\t\t\"use strict\";\n\n\t\t\t$(function () {\n\t\t\t\tvar masterslider_e5f3 = new MasterSlider();\n\n\t\t\t\t\/\/ slider controls\n\t\t\t\tmasterslider_e5f3.control('arrows'     ,{ autohide:true, overVideo:true  });\t\t\t\tmasterslider_e5f3.control('bullets'    ,{ autohide:true, overVideo:true, dir:'h', align:'bottom' , margin:10  });\n\n\t\t\t\tmasterslider_e5f3.control('thumblist'  ,{ autohide:false, overVideo:true, dir:'h', speed:17, inset:false, arrows:false, hover:false, customClass:'', align:'bottom',type:'thumbs', margin:10, width:100, height:80, space:5, fillMode:'fill'  });\n\t\t\t\tmasterslider_e5f3.control('scrollbar'  ,{ autohide:false, overVideo:true, dir:'h', inset:true, align:'top', color:'#3D3D3D' , margin:10  , width:4 });\n\t\t\t\tmasterslider_e5f3.control('circletimer',{ autohide:false, overVideo:true, color:'#A2A2A2', radius:4, stroke:10   });\n\t\t\t\tmasterslider_e5f3.control('timebar'    ,{ autohide:false, overVideo:true, align:'bottom', color:'#FFFFFF'  , width:4 });\n\t\t\t\tmasterslider_e5f3.control('slideinfo'  ,{ autohide:false, overVideo:true, dir:'h', align:'bottom',inset:false , margin:10   });\n\t\t\t\t\/\/ slider setup\n\t\t\t\tmasterslider_e5f3.setup(\"MS69e4bc9c1e5f3\", {\n\t\t\t\t\t\twidth           : 1000,\n\t\t\t\t\t\theight          : 500,\n\t\t\t\t\t\tminHeight       : 0,\n\t\t\t\t\t\tspace           : 0,\n\t\t\t\t\t\tstart           : 1,\n\t\t\t\t\t\tgrabCursor      : true,\n\t\t\t\t\t\tswipe           : true,\n\t\t\t\t\t\tmouse           : true,\n\t\t\t\t\t\tlayout          : \"boxed\",\n\t\t\t\t\t\twheel           : false,\n\t\t\t\t\t\tautoplay        : false,\n\t\t\t\t\t\tinstantStartLayers:false,\n\t\t\t\t\t\tloop            : false,\n\t\t\t\t\t\tshuffle         : false,\n\t\t\t\t\t\tpreload         : 0,\n\t\t\t\t\t\theightLimit     : true,\n\t\t\t\t\t\tautoHeight      : false,\n\t\t\t\t\t\tsmoothHeight    : true,\n\t\t\t\t\t\tendPause        : false,\n\t\t\t\t\t\toverPause       : true,\n\t\t\t\t\t\tfillMode        : \"fill\",\n\t\t\t\t\t\tcenterControls  : true,\n\t\t\t\t\t\tstartOnAppear   : false,\n\t\t\t\t\t\tlayersMode      : \"center\",\n\t\t\t\t\t\thideLayers      : false,\n\t\t\t\t\t\tfullscreenMargin: 0,\n\t\t\t\t\t\tspeed           : 20,\n\t\t\t\t\t\tdir             : \"h\",\n\t\t\t\t\t\tparallaxMode    : 'swipe',\n\t\t\t\t\t\tview            : \"basic\"\n\t\t\t\t});\n\n\t\t\t\t\n\t\t\t\twindow.masterslider_instances = window.masterslider_instances || [];\n\t\t\t\twindow.masterslider_instances.push( masterslider_e5f3 );\n\t\t\t });\n\n\t\t})(jQuery);\n\t\t<\/script>\n\n\n","protected":false},"excerpt":{"rendered":"<p>Eine Gruppe war die Woche \u00fcber bei Siemens, um Getriebe zu bauen. Dazu wurden Geh\u00e4use aufgefr\u00e4st und lackiert. Auch Kurbeln dazu wurden gebaut. Im Folgenden stellen wir euch die Teilnehmer, die bei Siemens waren, vor:<\/p>\n","protected":false},"author":2,"featured_media":0,"parent":11,"menu_order":0,"comment_status":"closed","ping_status":"closed","template":"","meta":{"_monsterinsights_skip_tracking":false,"_monsterinsights_sitenote_active":false,"_monsterinsights_sitenote_note":"","_monsterinsights_sitenote_category":0,"footnotes":""},"class_list":["post-780","page","type-page","status-publish","hentry"],"_links":{"self":[{"href":"http:\/\/technik-akademie-tuebingen.de\/2015\/wp-json\/wp\/v2\/pages\/780","targetHints":{"allow":["GET"]}}],"collection":[{"href":"http:\/\/technik-akademie-tuebingen.de\/2015\/wp-json\/wp\/v2\/pages"}],"about":[{"href":"http:\/\/technik-akademie-tuebingen.de\/2015\/wp-json\/wp\/v2\/types\/page"}],"author":[{"embeddable":true,"href":"http:\/\/technik-akademie-tuebingen.de\/2015\/wp-json\/wp\/v2\/users\/2"}],"replies":[{"embeddable":true,"href":"http:\/\/technik-akademie-tuebingen.de\/2015\/wp-json\/wp\/v2\/comments?post=780"}],"version-history":[{"count":7,"href":"http:\/\/technik-akademie-tuebingen.de\/2015\/wp-json\/wp\/v2\/pages\/780\/revisions"}],"predecessor-version":[{"id":878,"href":"http:\/\/technik-akademie-tuebingen.de\/2015\/wp-json\/wp\/v2\/pages\/780\/revisions\/878"}],"up":[{"embeddable":true,"href":"http:\/\/technik-akademie-tuebingen.de\/2015\/wp-json\/wp\/v2\/pages\/11"}],"wp:attachment":[{"href":"http:\/\/technik-akademie-tuebingen.de\/2015\/wp-json\/wp\/v2\/media?parent=780"}],"curies":[{"name":"wp","href":"https:\/\/api.w.org\/{rel}","templated":true}]}}