{"id":13,"date":"2015-02-16T15:47:23","date_gmt":"2015-02-16T14:47:23","guid":{"rendered":"http:\/\/technik-akademie-tuebingen.de\/?page_id=13"},"modified":"2016-02-12T10:48:52","modified_gmt":"2016-02-12T09:48:52","slug":"betreuer","status":"publish","type":"page","link":"https:\/\/technik-akademie-tuebingen.de\/2015\/betreuer\/","title":{"rendered":"Betreuer"},"content":{"rendered":"<p>Hier stellen wir euch alle Betreuer vor:<\/p>\n\n\t\t<!-- MasterSlider -->\n\t\t<div id=\"P_MS69f61747a0e1a\" class=\"master-slider-parent msl ms-parent-id-12\" style=\"max-width:745px;\">\n\n\t\t\t\n\t\t\t<!-- MasterSlider Main -->\n\t\t\t<div id=\"MS69f61747a0e1a\" class=\"master-slider ms-skin-default\" >\n\t\t\t\t \t\t\t\t \n\t\t\t\t<div  class=\"ms-slide\" data-delay=\"3\" data-fill-mode=\"fill\"  >\n\t\t\t\t\t<img decoding=\"async\" src=\"https:\/\/technik-akademie-tuebingen.de\/2015\/wp-content\/plugins\/master-slider\/public\/assets\/css\/blank.gif\" alt=\"\" title=\"\" data-src=\"https:\/\/technik-akademie-tuebingen.de\/2015\/wp-content\/uploads\/2015\/02\/SWR_4_skaliert1-745x600.png\" \/>\n\n\t\t\t\t\t<div class=\"ms-info\">Betreuerin SWR<br \/>Die aus Stuttgart kommende Julia Schlingmann hat an der Filmakademie Baden-W\u00fcrttemberg Kamera\/Bildgestaltung studiert.\u00a0Inzwischen ist sie selbst\u00e4ndige Kamerafrau und hat schon einige Filme realisiert.\u00a0In ihrer Freizeit sieht sie sich gern Filme an oder fotografiert. Bei der Technik Akademie ist sie, weil sie Spa\u00df hat anderen etwas beizubringen.<\/div>\n\n\n\t<img decoding=\"async\" class=\"ms-thumb\" src=\"https:\/\/technik-akademie-tuebingen.de\/2015\/wp-content\/uploads\/2015\/02\/SWR_4_skaliert1-100x80.png\" alt=\"\" \/>\n\t<div class=\"ms-thumb\" ><div class=\"ms-tab-context\"><div class=&quot;ms-tab-context&quot;><\/div><\/div>\n<\/div>\n\t\t\t\t<\/div>\n\t\t\t\t<div  class=\"ms-slide\" data-delay=\"3\" data-fill-mode=\"fill\"  >\n\t\t\t\t\t<img decoding=\"async\" src=\"https:\/\/technik-akademie-tuebingen.de\/2015\/wp-content\/plugins\/master-slider\/public\/assets\/css\/blank.gif\" alt=\"\" title=\"\" data-src=\"https:\/\/technik-akademie-tuebingen.de\/2015\/wp-content\/uploads\/2015\/02\/bild-Gl\u00fcck2-745x600.png\" \/>\n\n\t\t\t\t\t<div class=\"ms-info\"><p>Betreuer Zeltwanger<br \/>Herr Gl\u00fcck kommt aus T\u00fcbingen und unterrichtet dort am Kepler-Gymnasium Chemie und Astronomie. In seiner Freizeit geht er gerne ins Kino, schaut Filme an und liest gerne. Au\u00dferdem interessiert er sich f\u00fcr die Metallverarbeitung. Sein Lieblingsessen ist Rinderfilet mit Kartoffelgratin.<\/p><\/div>\n\n\n\t<img decoding=\"async\" class=\"ms-thumb\" src=\"https:\/\/technik-akademie-tuebingen.de\/2015\/wp-content\/uploads\/2015\/02\/bild-Gl\u00fcck2-100x80.png\" alt=\"\" \/>\n\t<div class=\"ms-thumb\" ><div class=\"ms-tab-context\"><div class=&quot;ms-tab-context&quot;><\/div><\/div>\n<\/div>\n\t\t\t\t<\/div>\n\t\t\t\t<div  class=\"ms-slide\" data-delay=\"3\" data-fill-mode=\"fill\"  >\n\t\t\t\t\t<img decoding=\"async\" src=\"https:\/\/technik-akademie-tuebingen.de\/2015\/wp-content\/plugins\/master-slider\/public\/assets\/css\/blank.gif\" alt=\"\" title=\"\" data-src=\"https:\/\/technik-akademie-tuebingen.de\/2015\/wp-content\/uploads\/2015\/02\/H\u00e4berlen1.png\" \/>\n\n\t\t\t\t\t<div class=\"ms-info\"><p>Betreuer CHT<br \/>Herr H\u00e4berlen unterrichtet an dem Karl-von-Frisch-Gymnasium in T\u00fcbingen Chemie, NWT und Sport. In seiner Freizeit liest, reist und kocht er gerne, au\u00dferdem treibt er Sport. Momentan ist sein Lieblingsessen Lammlachse mit Rosmarinkartoffeln. Sein Motto lautet \u201eL\u00e4chle mehr als andere\u201c.<\/p><\/div>\n\n\n\t<img decoding=\"async\" class=\"ms-thumb\" src=\"https:\/\/technik-akademie-tuebingen.de\/2015\/wp-content\/uploads\/2015\/02\/H\u00e4berlen1-100x80.png\" alt=\"\" \/>\n\t<div class=\"ms-thumb\" ><div class=\"ms-tab-context\"><div class=&quot;ms-tab-context&quot;><\/div><\/div>\n<\/div>\n\t\t\t\t<\/div>\n\t\t\t\t<div  class=\"ms-slide\" data-delay=\"3\" data-fill-mode=\"fill\"  >\n\t\t\t\t\t<img decoding=\"async\" src=\"https:\/\/technik-akademie-tuebingen.de\/2015\/wp-content\/plugins\/master-slider\/public\/assets\/css\/blank.gif\" alt=\"\" title=\"\" data-src=\"https:\/\/technik-akademie-tuebingen.de\/2015\/wp-content\/uploads\/2015\/02\/Posselt_11-745x600.png\" \/>\n\n\t\t\t\t\t<div class=\"ms-info\"><p>Betreuer artif<br \/>Herr Posselt kommt aus Albstadt und unterrichtet dort am Seminar Albstadt Technik, Mathe und Physik. In seiner Freizeit unterst\u00fctzt er Greenpeace, f\u00e4hrt Fahrrad, liest und campt. Au\u00dferdem schl\u00e4ft er gerne aus. Sein Lieblingsessen ist das Fr\u00fchst\u00fcck. Sein Motto lautet \u201eOhne Leidenschaft keine Kreativit\u00e4t\u201c.<\/p><\/div>\n\n\n\t<img decoding=\"async\" class=\"ms-thumb\" src=\"https:\/\/technik-akademie-tuebingen.de\/2015\/wp-content\/uploads\/2015\/02\/Posselt_11-100x80.png\" alt=\"\" \/>\n\t<div class=\"ms-thumb\" ><div class=\"ms-tab-context\"><div class=&quot;ms-tab-context&quot;><\/div><\/div>\n<\/div>\n\t\t\t\t<\/div>\n\t\t\t\t<div  class=\"ms-slide\" data-delay=\"3\" data-fill-mode=\"fill\"  >\n\t\t\t\t\t<img decoding=\"async\" src=\"https:\/\/technik-akademie-tuebingen.de\/2015\/wp-content\/plugins\/master-slider\/public\/assets\/css\/blank.gif\" alt=\"\" title=\"\" data-src=\"https:\/\/technik-akademie-tuebingen.de\/2015\/wp-content\/uploads\/2015\/02\/bild-weishaupt-745x600.png\" \/>\n\n\t\t\t\t\t<div class=\"ms-info\">Betreuer Schmalenberger<br \/>Herr Weishaupt, Spitzname \"Cobra\", unterrichtet an der Geschwister-Scholl-Schule T\u00fcbingen Mathe und Physik. In seiner Freizeit spielt er in der 2. Bundesliga Tipp-Kick, geht schwimmen und Fahrrad fahren. Sein Lieblingsessen sind Rinderrouladen.<\/div>\n\n\n\t<img decoding=\"async\" class=\"ms-thumb\" src=\"https:\/\/technik-akademie-tuebingen.de\/2015\/wp-content\/uploads\/2015\/02\/bild-weishaupt-100x80.png\" alt=\"\" \/>\n\t<div class=\"ms-thumb\" ><div class=\"ms-tab-context\"><div class=&quot;ms-tab-context&quot;><\/div><\/div>\n<\/div>\n\t\t\t\t<\/div>\n\t\t\t\t<div  class=\"ms-slide\" data-delay=\"3\" data-fill-mode=\"fill\"  >\n\t\t\t\t\t<img decoding=\"async\" src=\"https:\/\/technik-akademie-tuebingen.de\/2015\/wp-content\/plugins\/master-slider\/public\/assets\/css\/blank.gif\" alt=\"\" title=\"\" data-src=\"https:\/\/technik-akademie-tuebingen.de\/2015\/wp-content\/uploads\/2015\/02\/BANK65231.png\" \/>\n\n\t\t\t\t\t<div class=\"ms-info\">Manuel Dolderer<br \/>Manuel ist ist \u00dc20 und ist im Printgewerbe t\u00e4tig. In seiner Freizeit k\u00fcmmert er sich um seinen Sohn oder ist sein Lieblingsessen Pastinakensuppe.<br \/>Bei der Technik Akademie ist er, weil er Spa\u00df daran hat mit Kindern zu arbeiten und es ein guter Ausgleich f\u00fcr seinen Beruf ist. Sein Traumberuf ist Bauarbeiter.<\/div>\n\n\n\t<img decoding=\"async\" class=\"ms-thumb\" src=\"https:\/\/technik-akademie-tuebingen.de\/2015\/wp-content\/uploads\/2015\/02\/BANK65231-100x80.png\" alt=\"\" \/>\n\t<div class=\"ms-thumb\" ><div class=\"ms-tab-context\"><div class=&quot;ms-tab-context&quot;><\/div><\/div>\n<\/div>\n\t\t\t\t<\/div>\n\n\t\t\t<\/div>\n\t\t\t<!-- END MasterSlider Main -->\n\n\t\t\t \n\t\t<\/div>\n\t\t<!-- END MasterSlider -->\n\n\t\t<script>\n\t\t(function ( $ ) {\n\t\t\t\"use strict\";\n\n\t\t\t$(function () {\n\t\t\t\tvar masterslider_0e1a = new MasterSlider();\n\n\t\t\t\t\/\/ slider controls\n\t\t\t\tmasterslider_0e1a.control('arrows'     ,{ autohide:true, overVideo:true  });\t\t\t\tmasterslider_0e1a.control('bullets'    ,{ autohide:true, overVideo:true, dir:'h', align:'bottom' , margin:10  });\n\n\t\t\t\tmasterslider_0e1a.control('thumblist'  ,{ autohide:false, overVideo:true, dir:'h', speed:17, inset:false, arrows:false, hover:false, customClass:'', align:'bottom',type:'thumbs', margin:10, width:100, height:80, space:5, fillMode:'fill'  });\n\t\t\t\tmasterslider_0e1a.control('timebar'    ,{ autohide:false, overVideo:true, align:'top', color:'#0d7813'  , width:4 });\n\t\t\t\tmasterslider_0e1a.control('slideinfo'  ,{ autohide:false, overVideo:true, dir:'h', align:'bottom',inset:false , margin:10   });\n\t\t\t\t\/\/ slider setup\n\t\t\t\tmasterslider_0e1a.setup(\"MS69f61747a0e1a\", {\n\t\t\t\t\t\twidth           : 745,\n\t\t\t\t\t\theight          : 600,\n\t\t\t\t\t\tminHeight       : 0,\n\t\t\t\t\t\tspace           : 0,\n\t\t\t\t\t\tstart           : 1,\n\t\t\t\t\t\tgrabCursor      : true,\n\t\t\t\t\t\tswipe           : true,\n\t\t\t\t\t\tmouse           : true,\n\t\t\t\t\t\tlayout          : \"boxed\",\n\t\t\t\t\t\twheel           : false,\n\t\t\t\t\t\tautoplay        : false,\n\t\t\t\t\t\tinstantStartLayers:false,\n\t\t\t\t\t\tloop            : false,\n\t\t\t\t\t\tshuffle         : false,\n\t\t\t\t\t\tpreload         : 0,\n\t\t\t\t\t\theightLimit     : true,\n\t\t\t\t\t\tautoHeight      : false,\n\t\t\t\t\t\tsmoothHeight    : true,\n\t\t\t\t\t\tendPause        : false,\n\t\t\t\t\t\toverPause       : true,\n\t\t\t\t\t\tfillMode        : \"fill\",\n\t\t\t\t\t\tcenterControls  : true,\n\t\t\t\t\t\tstartOnAppear   : false,\n\t\t\t\t\t\tlayersMode      : \"center\",\n\t\t\t\t\t\thideLayers      : false,\n\t\t\t\t\t\tfullscreenMargin: 0,\n\t\t\t\t\t\tspeed           : 20,\n\t\t\t\t\t\tdir             : \"h\",\n\t\t\t\t\t\tparallaxMode    : 'swipe',\n\t\t\t\t\t\tview            : \"basic\"\n\t\t\t\t});\n\n\t\t\t\t\n\t\t\t\twindow.masterslider_instances = window.masterslider_instances || [];\n\t\t\t\twindow.masterslider_instances.push( masterslider_0e1a );\n\t\t\t });\n\n\t\t})(jQuery);\n\t\t<\/script>\n\n\n","protected":false},"excerpt":{"rendered":"<p>Hier stellen wir euch alle Betreuer vor:<\/p>\n","protected":false},"author":2,"featured_media":0,"parent":0,"menu_order":3,"comment_status":"open","ping_status":"closed","template":"","meta":{"_monsterinsights_skip_tracking":false,"_monsterinsights_sitenote_active":false,"_monsterinsights_sitenote_note":"","_monsterinsights_sitenote_category":0,"footnotes":""},"class_list":["post-13","page","type-page","status-publish","hentry"],"_links":{"self":[{"href":"https:\/\/technik-akademie-tuebingen.de\/2015\/wp-json\/wp\/v2\/pages\/13","targetHints":{"allow":["GET"]}}],"collection":[{"href":"https:\/\/technik-akademie-tuebingen.de\/2015\/wp-json\/wp\/v2\/pages"}],"about":[{"href":"https:\/\/technik-akademie-tuebingen.de\/2015\/wp-json\/wp\/v2\/types\/page"}],"author":[{"embeddable":true,"href":"https:\/\/technik-akademie-tuebingen.de\/2015\/wp-json\/wp\/v2\/users\/2"}],"replies":[{"embeddable":true,"href":"https:\/\/technik-akademie-tuebingen.de\/2015\/wp-json\/wp\/v2\/comments?post=13"}],"version-history":[{"count":4,"href":"https:\/\/technik-akademie-tuebingen.de\/2015\/wp-json\/wp\/v2\/pages\/13\/revisions"}],"predecessor-version":[{"id":577,"href":"https:\/\/technik-akademie-tuebingen.de\/2015\/wp-json\/wp\/v2\/pages\/13\/revisions\/577"}],"wp:attachment":[{"href":"https:\/\/technik-akademie-tuebingen.de\/2015\/wp-json\/wp\/v2\/media?parent=13"}],"curies":[{"name":"wp","href":"https:\/\/api.w.org\/{rel}","templated":true}]}}