{"id":55,"date":"2015-02-18T18:54:39","date_gmt":"2015-02-18T17:54:39","guid":{"rendered":"http:\/\/technik-akademie-tuebingen.de\/?page_id=55"},"modified":"2015-02-20T09:07:48","modified_gmt":"2015-02-20T08:07:48","slug":"cht","status":"publish","type":"page","link":"https:\/\/technik-akademie-tuebingen.de\/2015\/unternehmen\/cht\/","title":{"rendered":"CHT R. Beitlich GmbH"},"content":{"rendered":"<p>Die CHT R. Beitlich GmbH ist teil der CHT\/BEZEMA\u00a0 Gruppe, einer Unternehmensgruppe der Spezialit\u00e4tenchemie. Am Stammsitz in Deutschland, sowie in 20 Gesellschaften und Vertriebsb\u00fcros in ca. 60 L\u00e4ndern weltweit sind mehr als 1700 mitarbeiter besch\u00e4ftigt. In den Gesch\u00e4ftsfeldern Textilveredlung, Textilpflege, Performance Chemicals und Bauchemie produziert und entwickelt man dort Hilfsstoffe, um die Prozesse bei den Kunden zu optimieren. Individuelle Beratung und ein herausragender anwendungstechnischer Service unterst\u00fctzen die Kunden um beste Ergebnisse zu erreichen. Durch Innovationen und eine dynamische Forschung und Entwicklung entstehen heute schon L\u00f6sungen f\u00fcr die Anforderungen von morgen. \u00d6konomische, \u00f6kologische und soziale Nachhaltigkeit sind dabei zentrale Gesichtspunkte. Basis des Erfolgs sind motivierte und gut ausgebildete Fachkr\u00e4fte, die durch fachliche Fortbildung und pers\u00f6nliche Weiterentwicklung unterst\u00fctzt und gef\u00f6rdert werden.<\/p>\n<p>&nbsp;<\/p>\n<p><a href=\"http:\/\/technik-akademie-tuebingen.de\/wp-content\/uploads\/2015\/02\/cht_geb\u00e4ude_web.png\"><img loading=\"lazy\" decoding=\"async\" class=\" wp-image-572 size-large alignleft\" src=\"http:\/\/technik-akademie-tuebingen.de\/wp-content\/uploads\/2015\/02\/cht_geb\u00e4ude_web-1024x685.png\" alt=\"cht_geb\u00e4ude_web\" width=\"750\" height=\"502\" srcset=\"https:\/\/technik-akademie-tuebingen.de\/2015\/wp-content\/uploads\/2015\/02\/cht_geb\u00e4ude_web.png 1024w, https:\/\/technik-akademie-tuebingen.de\/2015\/wp-content\/uploads\/2015\/02\/cht_geb\u00e4ude_web-300x201.png 300w\" sizes=\"auto, (max-width: 750px) 100vw, 750px\" \/><\/a><\/p>\n","protected":false},"excerpt":{"rendered":"<p>Die CHT R. Beitlich GmbH ist teil der CHT\/BEZEMA\u00a0 Gruppe, einer Unternehmensgruppe der Spezialit\u00e4tenchemie. Am Stammsitz in Deutschland, sowie in 20 Gesellschaften und Vertriebsb\u00fcros in ca. 60 L\u00e4ndern weltweit sind mehr als 1700 mitarbeiter besch\u00e4ftigt. In den Gesch\u00e4ftsfeldern Textilveredlung, Textilpflege, Performance Chemicals und Bauchemie produziert und entwickelt man dort Hilfsstoffe, um die Prozesse bei den [&hellip;]<\/p>\n","protected":false},"author":5,"featured_media":0,"parent":8,"menu_order":0,"comment_status":"closed","ping_status":"closed","template":"","meta":{"_monsterinsights_skip_tracking":false,"_monsterinsights_sitenote_active":false,"_monsterinsights_sitenote_note":"","_monsterinsights_sitenote_category":0,"footnotes":""},"class_list":["post-55","page","type-page","status-publish","hentry"],"_links":{"self":[{"href":"https:\/\/technik-akademie-tuebingen.de\/2015\/wp-json\/wp\/v2\/pages\/55","targetHints":{"allow":["GET"]}}],"collection":[{"href":"https:\/\/technik-akademie-tuebingen.de\/2015\/wp-json\/wp\/v2\/pages"}],"about":[{"href":"https:\/\/technik-akademie-tuebingen.de\/2015\/wp-json\/wp\/v2\/types\/page"}],"author":[{"embeddable":true,"href":"https:\/\/technik-akademie-tuebingen.de\/2015\/wp-json\/wp\/v2\/users\/5"}],"replies":[{"embeddable":true,"href":"https:\/\/technik-akademie-tuebingen.de\/2015\/wp-json\/wp\/v2\/comments?post=55"}],"version-history":[{"count":17,"href":"https:\/\/technik-akademie-tuebingen.de\/2015\/wp-json\/wp\/v2\/pages\/55\/revisions"}],"predecessor-version":[{"id":611,"href":"https:\/\/technik-akademie-tuebingen.de\/2015\/wp-json\/wp\/v2\/pages\/55\/revisions\/611"}],"up":[{"embeddable":true,"href":"https:\/\/technik-akademie-tuebingen.de\/2015\/wp-json\/wp\/v2\/pages\/8"}],"wp:attachment":[{"href":"https:\/\/technik-akademie-tuebingen.de\/2015\/wp-json\/wp\/v2\/media?parent=55"}],"curies":[{"name":"wp","href":"https:\/\/api.w.org\/{rel}","templated":true}]}}