{"id":105,"date":"2018-02-13T11:05:29","date_gmt":"2018-02-13T10:05:29","guid":{"rendered":"http:\/\/technik-akademie-tuebingen.de\/2018\/?page_id=105"},"modified":"2018-02-16T09:38:29","modified_gmt":"2018-02-16T08:38:29","slug":"freizeit","status":"publish","type":"page","link":"https:\/\/technik-akademie-tuebingen.de\/2018\/freizeit\/","title":{"rendered":"Freizeit"},"content":{"rendered":"<hr \/>\n<h2><\/h2>\n<h4><strong>Uni T\u00fcbingen:<\/strong><\/h4>\n<h4>Am ersten Tag nach dem Mittagessen machten wir uns auf dem Weg zur T\u00fcbinger Uni, um einen Vortrag \u00fcber die aktuellen anorganischen chemischen Forschungen anzuh\u00f6ren. Dort wartete Prof. Dr. H. A. Mayer auf uns, der uns unter anderem die chemischen Labore zeigte. Er erkl\u00e4rte uns zum Beispiel, wie das dort erforschte Kieselgel im Alltag verwendet wird. Wir fanden es sehr beeindruckend, was alles mit Chemie m\u00f6glich ist.<\/h4>\n<h3><img loading=\"lazy\" decoding=\"async\" class=\"wp-image-164 alignleft\" src=\"http:\/\/technik-akademie-tuebingen.de\/2018\/wp-content\/uploads\/2018\/02\/DSC_0005-1024x685.jpg\" alt=\"\" width=\"439\" height=\"293\" srcset=\"https:\/\/technik-akademie-tuebingen.de\/2018\/wp-content\/uploads\/2018\/02\/DSC_0005-1024x685.jpg 1024w, https:\/\/technik-akademie-tuebingen.de\/2018\/wp-content\/uploads\/2018\/02\/DSC_0005-300x201.jpg 300w, https:\/\/technik-akademie-tuebingen.de\/2018\/wp-content\/uploads\/2018\/02\/DSC_0005-768x514.jpg 768w\" sizes=\"auto, (max-width: 439px) 100vw, 439px\" \/><img loading=\"lazy\" decoding=\"async\" class=\"wp-image-165 alignleft\" src=\"http:\/\/technik-akademie-tuebingen.de\/2018\/wp-content\/uploads\/2018\/02\/DSC_0008_2-1024x685.jpg\" alt=\"\" width=\"442\" height=\"296\" srcset=\"https:\/\/technik-akademie-tuebingen.de\/2018\/wp-content\/uploads\/2018\/02\/DSC_0008_2-1024x685.jpg 1024w, https:\/\/technik-akademie-tuebingen.de\/2018\/wp-content\/uploads\/2018\/02\/DSC_0008_2-300x201.jpg 300w, https:\/\/technik-akademie-tuebingen.de\/2018\/wp-content\/uploads\/2018\/02\/DSC_0008_2-768x514.jpg 768w\" sizes=\"auto, (max-width: 442px) 100vw, 442px\" \/><\/h3>\n<hr \/>\n<h4><\/h4>\n<h4><strong>Botanischer Garten T\u00fcbingen:<\/strong><\/h4>\n<h4>Nach dem Besuch an der Universit\u00e4t liefen wir zusammen zum botanischen Garten. Aufgrund des kalten Wetters schauten wir uns den \u00e4u\u00dferen Garten nicht an, sondern betrachteten nur die Pflanzen im Inneren des Gew\u00e4chshauses. Dieses war in tropischer -, subtropischer- und W\u00fcstenteil eingeteilt. Wir durften uns das Gew\u00e4chshaus selbstst\u00e4ndig anschauen; es war sehr interessant, die farbenfrohen Bl\u00fcten, die au\u00dfergew\u00f6hnlichen Pflanzen und die Fische im Aquarium zu beobachten.<\/h4>\n<p style=\"text-align: center;\"><div id=\"metaslider-id-196\" style=\"max-width: 854px;\" class=\"ml-slider-3-109-0 metaslider metaslider-flex metaslider-196 ml-slider has-dots-nav ms-theme-default\" role=\"region\" aria-label=\"Botanischer Garten\" data-height=\"480\" data-width=\"854\">\n    <div id=\"metaslider_container_196\">\n        <div id=\"metaslider_196\">\n            <ul class='slides'>\n                <li style=\"display: block; width: 100%;\" class=\"slide-205 ms-image \" aria-roledescription=\"slide\" data-date=\"2018-02-13 13:42:15\" data-filename=\"Foto-4-854x480.jpg\" data-slide-type=\"image\"><img loading=\"lazy\" decoding=\"async\" src=\"https:\/\/technik-akademie-tuebingen.de\/2018\/wp-content\/uploads\/2018\/02\/Foto-4-854x480.jpg\" height=\"480\" width=\"854\" alt=\"\" class=\"slider-196 slide-205 msDefaultImage\" \/><\/li>\n                <li style=\"display: none; width: 100%;\" class=\"slide-202 ms-image \" aria-roledescription=\"slide\" data-date=\"2018-02-13 13:42:15\" data-filename=\"Foto-1-854x480.jpg\" data-slide-type=\"image\"><img loading=\"lazy\" decoding=\"async\" src=\"https:\/\/technik-akademie-tuebingen.de\/2018\/wp-content\/uploads\/2018\/02\/Foto-1-854x480.jpg\" height=\"480\" width=\"854\" alt=\"\" class=\"slider-196 slide-202 msDefaultImage\" \/><\/li>\n                <li style=\"display: none; width: 100%;\" class=\"slide-203 ms-image \" aria-roledescription=\"slide\" data-date=\"2018-02-13 13:42:15\" data-filename=\"Foto-2-854x480.jpg\" data-slide-type=\"image\"><img loading=\"lazy\" decoding=\"async\" src=\"https:\/\/technik-akademie-tuebingen.de\/2018\/wp-content\/uploads\/2018\/02\/Foto-2-854x480.jpg\" height=\"480\" width=\"854\" alt=\"\" class=\"slider-196 slide-203 msDefaultImage\" \/><\/li>\n                <li style=\"display: none; width: 100%;\" class=\"slide-204 ms-image \" aria-roledescription=\"slide\" data-date=\"2018-02-13 13:42:15\" data-filename=\"Foto-3-854x480.jpg\" data-slide-type=\"image\"><img loading=\"lazy\" decoding=\"async\" src=\"https:\/\/technik-akademie-tuebingen.de\/2018\/wp-content\/uploads\/2018\/02\/Foto-3-854x480.jpg\" height=\"480\" width=\"854\" alt=\"\" class=\"slider-196 slide-204 msDefaultImage\" \/><\/li>\n            <\/ul>\n        <\/div>\n        \n    <\/div>\n<\/div><\/p>\n<hr \/>\n<h2><\/h2>\n<h4><strong>Sternwarte:<\/strong><\/h4>\n<h4>Am \u00a0Sonntagabend teilten wir uns in zwei Gruppen auf, die eine durfte schon um 19 Uhr zur Sternwarte, die andere eine Stunde sp\u00e4ter.<\/h4>\n<h4>Zu Beginn zeigte uns Herr Roland M\u00fcller eine Pr\u00e4sentation \u00fcber Marsmissionen. Er erz\u00e4hlte uns etwas \u00fcber die verschiedenen M\u00f6glichkeiten, den Mars zu erforschen und die Entdeckungen, die man den unterschiedlichen Marsrovern zu verdanken hat. Nach dem Vortrag zeigte er uns das riesige Teleskop, welches 1924 erbaut wurde. Herr M\u00fcller erkl\u00e4rte, dass eines der drei Fernrohre eine Brennweite von f\u00fcnf Metern hat und die Fernrohre teilweise f\u00fcr UV-Strahlen und blaues, bzw. rotes Licht geeignet sind.<\/h4>\n<h4>Aufgrund des tr\u00fcben und\u00a0 regnerischen Wetters konnten wir den Sternenhimmel leider nicht beobachten. Der Besuch in der Sternwarte war trotzdem sehr toll und informativ!<\/h4>\n<p style=\"text-align: center;\"><div id=\"metaslider-id-210\" style=\"max-width: 854px;\" class=\"ml-slider-3-109-0 metaslider metaslider-flex metaslider-210 ml-slider has-dots-nav ms-theme-default\" role=\"region\" aria-label=\"Sternwarte\" data-height=\"480\" data-width=\"854\">\n    <div id=\"metaslider_container_210\">\n        <div id=\"metaslider_210\">\n            <ul class='slides'>\n                <li style=\"display: block; width: 100%;\" class=\"slide-217 ms-image \" aria-roledescription=\"slide\" data-date=\"2018-02-13 13:51:59\" data-filename=\"Sternwarte-Foto-3-854x480.jpg\" data-slide-type=\"image\"><img loading=\"lazy\" decoding=\"async\" src=\"https:\/\/technik-akademie-tuebingen.de\/2018\/wp-content\/uploads\/2018\/02\/Sternwarte-Foto-3-854x480.jpg\" height=\"480\" width=\"854\" alt=\"\" class=\"slider-210 slide-217 msDefaultImage\" \/><\/li>\n                <li style=\"display: none; width: 100%;\" class=\"slide-218 ms-image \" aria-roledescription=\"slide\" data-date=\"2018-02-13 13:51:59\" data-filename=\"Sternwarte-Foto-4-854x480.jpg\" data-slide-type=\"image\"><img loading=\"lazy\" decoding=\"async\" src=\"https:\/\/technik-akademie-tuebingen.de\/2018\/wp-content\/uploads\/2018\/02\/Sternwarte-Foto-4-854x480.jpg\" height=\"480\" width=\"854\" alt=\"\" class=\"slider-210 slide-218 msDefaultImage\" \/><\/li>\n                <li style=\"display: none; width: 100%;\" class=\"slide-215 ms-image \" aria-roledescription=\"slide\" data-date=\"2018-02-13 13:51:59\" data-filename=\"Sternwarte-Foto-1-854x480.jpg\" data-slide-type=\"image\"><img loading=\"lazy\" decoding=\"async\" src=\"https:\/\/technik-akademie-tuebingen.de\/2018\/wp-content\/uploads\/2018\/02\/Sternwarte-Foto-1-854x480.jpg\" height=\"480\" width=\"854\" alt=\"\" class=\"slider-210 slide-215 msDefaultImage\" \/><\/li>\n                <li style=\"display: none; width: 100%;\" class=\"slide-216 ms-image \" aria-roledescription=\"slide\" data-date=\"2018-02-13 13:51:59\" data-filename=\"Sternwarte-Foto-2-854x480.jpg\" data-slide-type=\"image\"><img loading=\"lazy\" decoding=\"async\" src=\"https:\/\/technik-akademie-tuebingen.de\/2018\/wp-content\/uploads\/2018\/02\/Sternwarte-Foto-2-854x480.jpg\" height=\"480\" width=\"854\" alt=\"\" class=\"slider-210 slide-216 msDefaultImage\" \/><\/li>\n            <\/ul>\n        <\/div>\n        \n    <\/div>\n<\/div><\/p>\n<hr \/>\n<h2><\/h2>\n<h4><strong>Stadtf\u00fchrung:<\/strong><\/h4>\n<h4>Am Dienstagabend\u00a0 brachen wir zu einer Stadtf\u00fchrung auf. Dazu teilten wir uns zuerst in zwei Gruppen auf und dann bekam jeder einen Zettel mit Informationen zu einer Sehensw\u00fcrdigkeit in T\u00fcbingen. Nun starteten wir mit unserem Rundgang, eine Gruppe in der Neckargasse und die andere auf der Neckarbr\u00fccke. An den einzelnen Sehensw\u00fcrdigkeiten hielten wir kurz an, um den dazugeh\u00f6rigen Info-Text zu h\u00f6ren. \u00a0Wir lernten viel \u00fcber die einzelnen Stationen, wie zum Beispiel \u00fcber die Ammergasse, das Nonnenhaus oder \u00fcber den H\u00f6lderlinturm. Uns gefiel die Stadtf\u00fchrung sehr, insbesondere die sch\u00f6n beleuchteten Gassen und der sternenklare Nachthimmel.<\/h4>\n<p style=\"text-align: center;\"><div id=\"metaslider-id-305\" style=\"max-width: 854px;\" class=\"ml-slider-3-109-0 metaslider metaslider-flex metaslider-305 ml-slider has-dots-nav ms-theme-default\" role=\"region\" aria-label=\"Stadtf\u00fchrung\" data-height=\"480\" data-width=\"854\">\n    <div id=\"metaslider_container_305\">\n        <div id=\"metaslider_305\">\n            <ul class='slides'>\n                <li style=\"display: block; width: 100%;\" class=\"slide-312 ms-image \" aria-roledescription=\"slide\" data-date=\"2018-02-14 09:28:30\" data-filename=\"DSC_0123-854x480.jpg\" data-slide-type=\"image\"><img loading=\"lazy\" decoding=\"async\" src=\"https:\/\/technik-akademie-tuebingen.de\/2018\/wp-content\/uploads\/2018\/02\/DSC_0123-854x480.jpg\" height=\"480\" width=\"854\" alt=\"\" class=\"slider-305 slide-312 msDefaultImage\" \/><\/li>\n                <li style=\"display: none; width: 100%;\" class=\"slide-314 ms-image \" aria-roledescription=\"slide\" data-date=\"2018-02-14 09:28:30\" data-filename=\"DSC_0136-854x480.jpg\" data-slide-type=\"image\"><img loading=\"lazy\" decoding=\"async\" src=\"https:\/\/technik-akademie-tuebingen.de\/2018\/wp-content\/uploads\/2018\/02\/DSC_0136-854x480.jpg\" height=\"480\" width=\"854\" alt=\"\" class=\"slider-305 slide-314 msDefaultImage\" \/><\/li>\n                <li style=\"display: none; width: 100%;\" class=\"slide-316 ms-image \" aria-roledescription=\"slide\" data-date=\"2018-02-14 09:28:31\" data-filename=\"DSC_0146-854x480.jpg\" data-slide-type=\"image\"><img loading=\"lazy\" decoding=\"async\" src=\"https:\/\/technik-akademie-tuebingen.de\/2018\/wp-content\/uploads\/2018\/02\/DSC_0146-854x480.jpg\" height=\"480\" width=\"854\" alt=\"\" class=\"slider-305 slide-316 msDefaultImage\" \/><\/li>\n                <li style=\"display: none; width: 100%;\" class=\"slide-315 ms-image \" aria-roledescription=\"slide\" data-date=\"2018-02-14 09:28:31\" data-filename=\"DSC_0137-854x480.jpg\" data-slide-type=\"image\"><img loading=\"lazy\" decoding=\"async\" src=\"https:\/\/technik-akademie-tuebingen.de\/2018\/wp-content\/uploads\/2018\/02\/DSC_0137-854x480.jpg\" height=\"480\" width=\"854\" alt=\"\" class=\"slider-305 slide-315 msDefaultImage\" \/><\/li>\n                <li style=\"display: none; width: 100%;\" class=\"slide-317 ms-image \" aria-roledescription=\"slide\" data-date=\"2018-02-14 09:28:31\" data-filename=\"DSC_0154-854x480.jpg\" data-slide-type=\"image\"><img loading=\"lazy\" decoding=\"async\" src=\"https:\/\/technik-akademie-tuebingen.de\/2018\/wp-content\/uploads\/2018\/02\/DSC_0154-854x480.jpg\" height=\"480\" width=\"854\" alt=\"\" class=\"slider-305 slide-317 msDefaultImage\" \/><\/li>\n            <\/ul>\n        <\/div>\n        \n    <\/div>\n<\/div><\/p>\n<hr \/>\n<h2><\/h2>\n<h4><strong>Bowling:<\/strong><\/h4>\n<h4>An unserem letzten Abend, am Donnerstag, machten wir uns gegen 19:30 Uhr zu Fu\u00df auf den Weg zum Bowling-Center. In Sechser- bzw. Siebenergruppen durften wir uns dann auf sieben Bahnen verteilen und mit dem Spielen beginnen. Es hat sehr viel Spa\u00df gemacht, miteinander zu bowlen und zu lachen. Einige tauschten ihre Handynummern aus, um weiterhin in Kontakt zu bleiben.<\/h4>\n<h4>Um 22 Uhr endete der sch\u00f6ne Abend leider schon wieder und wir liefen gemeinsam zur Jugendherberge zur\u00fcck.<\/h4>\n<p>&nbsp;<\/p>\n<p style=\"text-align: center;\"><div id=\"metaslider-id-669\" style=\"max-width: 854px;\" class=\"ml-slider-3-109-0 metaslider metaslider-flex metaslider-669 ml-slider has-dots-nav ms-theme-default\" role=\"region\" aria-label=\"Bowling\" data-height=\"480\" data-width=\"854\">\n    <div id=\"metaslider_container_669\">\n        <div id=\"metaslider_669\">\n            <ul class='slides'>\n                <li style=\"display: block; width: 100%;\" class=\"slide-681 ms-image \" aria-roledescription=\"slide\" data-date=\"2018-02-16 09:29:25\" data-filename=\"DSC_0258-854x480.jpg\" data-slide-type=\"image\"><img loading=\"lazy\" decoding=\"async\" src=\"https:\/\/technik-akademie-tuebingen.de\/2018\/wp-content\/uploads\/2018\/02\/DSC_0258-854x480.jpg\" height=\"480\" width=\"854\" alt=\"\" class=\"slider-669 slide-681 msDefaultImage\" \/><\/li>\n                <li style=\"display: none; width: 100%;\" class=\"slide-682 ms-image \" aria-roledescription=\"slide\" data-date=\"2018-02-16 09:29:25\" data-filename=\"DSC_0262-854x480.jpg\" data-slide-type=\"image\"><img loading=\"lazy\" decoding=\"async\" src=\"https:\/\/technik-akademie-tuebingen.de\/2018\/wp-content\/uploads\/2018\/02\/DSC_0262-854x480.jpg\" height=\"480\" width=\"854\" alt=\"\" class=\"slider-669 slide-682 msDefaultImage\" \/><\/li>\n                <li style=\"display: none; width: 100%;\" class=\"slide-683 ms-image \" aria-roledescription=\"slide\" data-date=\"2018-02-16 09:29:25\" data-filename=\"DSC_0264-854x480.jpg\" data-slide-type=\"image\"><img loading=\"lazy\" decoding=\"async\" src=\"https:\/\/technik-akademie-tuebingen.de\/2018\/wp-content\/uploads\/2018\/02\/DSC_0264-854x480.jpg\" height=\"480\" width=\"854\" alt=\"\" class=\"slider-669 slide-683 msDefaultImage\" \/><\/li>\n                <li style=\"display: none; width: 100%;\" class=\"slide-685 ms-image \" aria-roledescription=\"slide\" data-date=\"2018-02-16 09:29:26\" data-filename=\"DSC_0272-854x480.jpg\" data-slide-type=\"image\"><img loading=\"lazy\" decoding=\"async\" src=\"https:\/\/technik-akademie-tuebingen.de\/2018\/wp-content\/uploads\/2018\/02\/DSC_0272-854x480.jpg\" height=\"480\" width=\"854\" alt=\"\" class=\"slider-669 slide-685 msDefaultImage\" \/><\/li>\n                <li style=\"display: none; width: 100%;\" class=\"slide-684 ms-image \" aria-roledescription=\"slide\" data-date=\"2018-02-16 09:29:26\" data-filename=\"DSC_0270-854x480.jpg\" data-slide-type=\"image\"><img loading=\"lazy\" decoding=\"async\" src=\"https:\/\/technik-akademie-tuebingen.de\/2018\/wp-content\/uploads\/2018\/02\/DSC_0270-854x480.jpg\" height=\"480\" width=\"854\" alt=\"\" class=\"slider-669 slide-684 msDefaultImage\" \/><\/li>\n                <li style=\"display: none; width: 100%;\" class=\"slide-686 ms-image \" aria-roledescription=\"slide\" data-date=\"2018-02-16 09:29:26\" data-filename=\"DSC_0282-854x480.jpg\" data-slide-type=\"image\"><img loading=\"lazy\" decoding=\"async\" src=\"https:\/\/technik-akademie-tuebingen.de\/2018\/wp-content\/uploads\/2018\/02\/DSC_0282-854x480.jpg\" height=\"480\" width=\"854\" alt=\"\" class=\"slider-669 slide-686 msDefaultImage\" \/><\/li>\n                <li style=\"display: none; width: 100%;\" class=\"slide-687 ms-image \" aria-roledescription=\"slide\" data-date=\"2018-02-16 09:29:26\" data-filename=\"DSC_0285-854x480.jpg\" data-slide-type=\"image\"><img loading=\"lazy\" decoding=\"async\" src=\"https:\/\/technik-akademie-tuebingen.de\/2018\/wp-content\/uploads\/2018\/02\/DSC_0285-854x480.jpg\" height=\"480\" width=\"854\" alt=\"\" class=\"slider-669 slide-687 msDefaultImage\" \/><\/li>\n                <li style=\"display: none; width: 100%;\" class=\"slide-688 ms-image \" aria-roledescription=\"slide\" data-date=\"2018-02-16 09:29:26\" data-filename=\"DSC_0297-854x480.jpg\" data-slide-type=\"image\"><img loading=\"lazy\" decoding=\"async\" src=\"https:\/\/technik-akademie-tuebingen.de\/2018\/wp-content\/uploads\/2018\/02\/DSC_0297-854x480.jpg\" height=\"480\" width=\"854\" alt=\"\" class=\"slider-669 slide-688 msDefaultImage\" \/><\/li>\n                <li style=\"display: none; width: 100%;\" class=\"slide-690 ms-image \" aria-roledescription=\"slide\" data-date=\"2018-02-16 09:29:26\" data-filename=\"DSC_0311-854x480.jpg\" data-slide-type=\"image\"><img loading=\"lazy\" decoding=\"async\" src=\"https:\/\/technik-akademie-tuebingen.de\/2018\/wp-content\/uploads\/2018\/02\/DSC_0311-854x480.jpg\" height=\"480\" width=\"854\" alt=\"\" class=\"slider-669 slide-690 msDefaultImage\" \/><\/li>\n                <li style=\"display: none; width: 100%;\" class=\"slide-689 ms-image \" aria-roledescription=\"slide\" data-date=\"2018-02-16 09:29:26\" data-filename=\"DSC_0298-854x480.jpg\" data-slide-type=\"image\"><img loading=\"lazy\" decoding=\"async\" src=\"https:\/\/technik-akademie-tuebingen.de\/2018\/wp-content\/uploads\/2018\/02\/DSC_0298-854x480.jpg\" height=\"480\" width=\"854\" alt=\"\" class=\"slider-669 slide-689 msDefaultImage\" \/><\/li>\n            <\/ul>\n        <\/div>\n        \n    <\/div>\n<\/div><\/p>\n<hr \/>\n","protected":false},"excerpt":{"rendered":"<p>Uni T\u00fcbingen: Am ersten Tag nach dem Mittagessen machten wir uns auf dem Weg zur T\u00fcbinger Uni, um einen Vortrag \u00fcber die aktuellen anorganischen chemischen\u2026<\/p>\n<p> <a class=\"continue-reading-link\" href=\"https:\/\/technik-akademie-tuebingen.de\/2018\/freizeit\/\"><span>Weiterlesen &#8230;<\/span><i class=\"crycon-right-dir\"><\/i><\/a> <\/p>\n","protected":false},"author":2,"featured_media":0,"parent":0,"menu_order":0,"comment_status":"closed","ping_status":"closed","template":"","meta":{"footnotes":""},"class_list":["post-105","page","type-page","status-publish","hentry"],"aioseo_notices":[],"_links":{"self":[{"href":"https:\/\/technik-akademie-tuebingen.de\/2018\/wp-json\/wp\/v2\/pages\/105","targetHints":{"allow":["GET"]}}],"collection":[{"href":"https:\/\/technik-akademie-tuebingen.de\/2018\/wp-json\/wp\/v2\/pages"}],"about":[{"href":"https:\/\/technik-akademie-tuebingen.de\/2018\/wp-json\/wp\/v2\/types\/page"}],"author":[{"embeddable":true,"href":"https:\/\/technik-akademie-tuebingen.de\/2018\/wp-json\/wp\/v2\/users\/2"}],"replies":[{"embeddable":true,"href":"https:\/\/technik-akademie-tuebingen.de\/2018\/wp-json\/wp\/v2\/comments?post=105"}],"version-history":[{"count":30,"href":"https:\/\/technik-akademie-tuebingen.de\/2018\/wp-json\/wp\/v2\/pages\/105\/revisions"}],"predecessor-version":[{"id":696,"href":"https:\/\/technik-akademie-tuebingen.de\/2018\/wp-json\/wp\/v2\/pages\/105\/revisions\/696"}],"wp:attachment":[{"href":"https:\/\/technik-akademie-tuebingen.de\/2018\/wp-json\/wp\/v2\/media?parent=105"}],"curies":[{"name":"wp","href":"https:\/\/api.w.org\/{rel}","templated":true}]}}